{"id":1781,"date":"2024-03-08T10:36:34","date_gmt":"2024-03-08T09:36:34","guid":{"rendered":"https:\/\/intermedwellness.it\/charte-cookies\/"},"modified":"2024-03-14T15:01:32","modified_gmt":"2024-03-14T14:01:32","slug":"charte-cookies","status":"publish","type":"page","link":"https:\/\/intermedwellness.it\/fr\/charte-cookies\/","title":{"rendered":"Charte cookies"},"content":{"rendered":"<p>[et_pb_section fb_built=&#8221;1&#8243; theme_builder_area=&#8221;post_content&#8221; _builder_version=&#8221;4.24.2&#8243; _module_preset=&#8221;default&#8221;][et_pb_row _builder_version=&#8221;4.24.2&#8243; _module_preset=&#8221;default&#8221; theme_builder_area=&#8221;post_content&#8221;][et_pb_column _builder_version=&#8221;4.24.2&#8243; _module_preset=&#8221;default&#8221; type=&#8221;4_4&#8243; theme_builder_area=&#8221;post_content&#8221;][et_pb_text _builder_version=&#8221;4.24.2&#8243; _module_preset=&#8221;default&#8221; theme_builder_area=&#8221;post_content&#8221; header_3_font_size=&#8221;20px&#8221; header_3_line_height=&#8221;1.2em&#8221; header_line_height=&#8221;1.2em&#8221; hover_enabled=&#8221;0&#8243; sticky_enabled=&#8221;0&#8243;]<\/p>\n<h1>Charte cookies<\/h1>\n<p>Cette politique en mati\u00e8re de cookies a \u00e9t\u00e9 mise \u00e0 jour pour la derni\u00e8re fois le 15 f\u00e9vrier 2024 et s&#8217;applique aux citoyens et aux r\u00e9sidents permanents l\u00e9gaux de l&#8217;Espace \u00c9conomique Europ\u00e9en et de la Suisse.<\/p>\n<h3>1. Introduction<\/h3>\n<p>Notre site Web, https:\/\/intermedwellness.it (ci-apr\u00e8s : \u00ab le site Web \u00bb) utilise des cookies et d&#8217;autres technologies associ\u00e9es (pour plus de commodit\u00e9, toutes les technologies sont appel\u00e9es \u00ab cookies \u00bb). Des cookies sont \u00e9galement plac\u00e9s par des tiers que nous avons engag\u00e9s. Dans le document ci-dessous, nous vous informons de l&#8217;utilisation de cookies sur notre site Web.<\/p>\n<h3>2. Que sont les cookies?<\/h3>\n<p>Les cookies sont de simples fichiers envoy\u00e9s avec les pages de ce site et enregistr\u00e9s par votre navigateur sur le disque dur de votre ordinateur ou d&#8217;autres appareils. Les informations qui y sont collect\u00e9es peuvent \u00eatre renvoy\u00e9es vers nos serveurs ou vers des serveurs tiers lors de votre prochaine visite.<\/p>\n<h3>3. Que sont les scripts ?<\/h3>\n<p>Un script est un morceau de code utilis\u00e9 pour faire fonctionner correctement et de mani\u00e8re interactive notre site Web. Ce code s&#8217;ex\u00e9cute sur nos serveurs ou sur votre appareil.<\/p>\n<h3>4. Qu&#8217;est-ce qu&#8217;un web beacon (balise web) ?<\/h3>\n<p>Un web beacon (ou balise web) est un petit morceau de texte ou d&#8217;image invisible sur un site Web utilis\u00e9 pour surveiller le trafic d&#8217;un site Web. Pour ce faire, diverses donn\u00e9es vous concernant sont stock\u00e9es \u00e0 l&#8217;aide de balises Web.<\/p>\n<h3>5. Cookies<\/h3>\n<p>5.1 Cookies techniques ou fonctionnels<br \/>Certains cookies garantissent le bon fonctionnement du site et la validit\u00e9 de vos pr\u00e9f\u00e9rences. En pla\u00e7ant des cookies fonctionnels, nous vous facilitons la visite de notre site Web. De cette fa\u00e7on, vous n&#8217;avez pas besoin de saisir plusieurs fois les m\u00eames informations lorsque vous visitez notre site Web. Par exemple, l&#8217;article reste dans votre panier jusqu&#8217;\u00e0 ce que vous ayez pay\u00e9. Nous pouvons placer ces cookies sans votre consentement.<\/p>\n<p>5.2 Cookies de marketing\/suivi<br \/>Les cookies de marketing\/suivi sont des cookies, ou toute autre forme de stockage local de m\u00e9moire, utilis\u00e9s pour cr\u00e9er des profils d&#8217;utilisateurs afin d&#8217;afficher des publicit\u00e9s ou pour suivre l&#8217;utilisateur sur ce site Web ou sur diff\u00e9rents sites Web \u00e0 des fins de marketing similaires.<\/p>\n<h3>6. Cookies ins\u00e9r\u00e9s<\/h3>\n<p>WordPress<br \/>Utilisation<br \/>Nous utilisons WordPress pour le d\u00e9veloppement de sites Web. <a href=\"https:\/\/cookiedatabase.org\/service\/wordpress\/\" target=\"_blank\" rel=\"noopener\">Lisez tout<\/a><\/p>\n<p>Partage de donn\u00e9es<br \/>Ces donn\u00e9es ne sont pas partag\u00e9es avec des tiers.<\/p>\n<p><strong>Fonctionnel (nom \u2013 expiration \u2013 fonction)<\/strong><br \/><a href=\"https:\/\/cookiedatabase.org\/cookie\/wordpress\/wpemojisettingssupports\/\" target=\"_blank\" rel=\"noopener\">wpEmojiSettingsSupports<\/a> &#8211; session &#8211; Enregistrer les d\u00e9tails du navigateur<br \/><a target=\"_blank\" rel=\"noopener noreferrer nofollow\" href=\"https:\/\/cookiedatabase.org\/cookie\/wordpress\/wp-settings\/\">wp-settings-*<\/a> &#8211; persistant &#8211; <span>Enregistre les pr\u00e9f\u00e9rences de l&#8217;utilisateur<\/span><br \/><a target=\"_blank\" rel=\"noopener noreferrer nofollow\" href=\"https:\/\/cookiedatabase.org\/cookie\/wordpress\/wp-settings-time\/\">wp-settings-time-*<\/a> &#8211; 1 an &#8211; Enregistrer les pr\u00e9f\u00e9rences de l&#8217;utilisateur<br \/><a target=\"_blank\" rel=\"noopener noreferrer nofollow\" href=\"https:\/\/cookiedatabase.org\/cookie\/wordpress\/wordpress_test_cookie\/\">wordpress_test_cookie<\/a> &#8211; session &#8211; Contr\u00f4le que des cookies peuvent \u00eatre plac\u00e9s<br \/><a target=\"_blank\" rel=\"noopener noreferrer nofollow\" href=\"https:\/\/cookiedatabase.org\/cookie\/wordpress\/wordpress_logged_in_\/\">wordpress_logged_in_*<\/a> &#8211; persistant &#8211; Maintenir l&#8217;acc\u00e8s des utilisateurs connect\u00e9s<\/p>\n<p><strong> <\/strong><\/p>\n<h4>Complianz<\/h4>\n<h4>Utilisation<\/h4>\n<p>Nous utilisons Complianz pour la gestion du consentement aux cookies. <a target=\"_blank\" rel=\"noopener noreferrer nofollow\" href=\"https:\/\/cookiedatabase.org\/service\/complianz\/\">Lisez tout<\/a><\/p>\n<h4>Partage de donn\u00e9es<\/h4>\n<p>Ces donn\u00e9es ne sont pas partag\u00e9es avec des tiers. Pour plus d\u2019informations, veuillez lire la <a target=\"_blank\" rel=\"noopener noreferrer\" href=\"https:\/\/complianz.io\/legal\/privacy-statement\/\">d\u00e9claration sur la protection des donn\u00e9es personnelles Complianz.<\/a><\/p>\n<p><strong>Fonctionnel (nom &#8211; expiration &#8211; fonction) <br \/><\/strong>, <a target=\"_blank\" rel=\"noopener noreferrer nofollow\" href=\"https:\/\/cookiedatabase.org\/cookie\/complianz\/cmplz_banner-status\/\">lbcmplz_banner-status<\/a> &#8211; 365 jours &#8211; Stocke si la banni\u00e8re de cookie a \u00e9t\u00e9 ignor\u00e9e<\/p>\n<h4><\/h4>\n<h4><\/h4>\n<h4>WPML<\/h4>\n<h4>Utilisation<\/h4>\n<p>Nous utilisons WPML pour la gestion des langues. <a target=\"_blank\" rel=\"noopener noreferrer nofollow\" href=\"https:\/\/cookiedatabase.org\/service\/wpml\/\">Lisez tout<\/a><\/p>\n<h4>Partage des donn\u00e9es<\/h4>\n<p>Ces donn\u00e9es ne sont pas partag\u00e9es avec des tiers.<\/p>\n<p><strong>Fonctionnel (nom &#8211; expiration &#8211; fonction)<br \/><\/strong>, <a target=\"_blank\" rel=\"noopener noreferrer nofollow\" href=\"https:\/\/cookiedatabase.org\/cookie\/wpml\/wp-wpml_current_language\/\">lbwp-wpml_current_langue<\/a> &#8211; 1 jour &#8211; Enregistrer les param\u00e8tres de langue<\/p>\n<p>&nbsp;<\/p>\n<h4>Google Fonts<\/h4>\n<h4>Utilisation<\/h4>\n<p>Nous utilisons Google Fonts pour afficher les polices Web. <a target=\"_blank\" rel=\"noopener noreferrer nofollow\" href=\"https:\/\/cookiedatabase.org\/service\/google-fonts\/\">Lisez tout<\/a><\/p>\n<h4>Partage de donn\u00e9es<\/h4>\n<p>Pour plus d&#8217;informations, veuillez lire la <a target=\"_blank\" rel=\"noopener noreferrer nofollow\" href=\"https:\/\/policies.google.com\/privacy\">d\u00e9claration de protection des donn\u00e9es personnelles de Google Fonts.<\/a><\/p>\n<p><strong>Publicit\u00e9 (nom \u2013 expiration \u2013 fonction)<\/strong><br \/><a target=\"_blank\" rel=\"noopener noreferrer nofollow\" href=\"https:\/\/cookiedatabase.org\/cookie\/google-fonts\/tcb_google_fonts\/\">API Google Fonts<\/a> &#8211; aucune &#8211; Demander l&#8217;adresse IP de l&#8217;utilisateur<\/p>\n<p>&nbsp;<\/p>\n<p>&nbsp;<\/p>\n<h3>7. Consentement<\/h3>\n<p>Lorsque vous visitez le site Web pour la premi\u00e8re fois, nous afficherons une fen\u00eatre contextuelle avec une explication des cookies. D\u00e8s que vous cliquez sur \u00ab Enregistrer les pr\u00e9f\u00e9rences \u00bb, vous nous autorisez \u00e0 utiliser les cat\u00e9gories de cookies et de plugins d\u00e9crites dans cette d\u00e9claration relative aux cookies. Vous pouvez d\u00e9sactiver les cookies via votre navigateur, mais tenez compte du fait que notre site Web pourrait ne plus fonctionner correctement.<br \/>7.1 G\u00e9rer vos param\u00e8tres de consentement<br \/>Fonctionnel<br \/>Toujours actif<br \/>Le stockage ou l&#8217;acc\u00e8s technique sont strictement n\u00e9cessaires dans le but l\u00e9gitime de permettre l&#8217;utilisation d&#8217;un service sp\u00e9cifique explicitement demand\u00e9 par l&#8217;abonn\u00e9 ou l&#8217;utilisateur, ou dans le seul but d&#8217;effectuer la transmission d&#8217;une communication sur un r\u00e9seau de communications \u00e9lectroniques.<br \/>Marketing<\/p>\n<p>Marketing<br \/>Le stockage ou l&#8217;acc\u00e8s technique sont n\u00e9cessaires pour cr\u00e9er des profils d&#8217;utilisateurs pour envoyer de la publicit\u00e9 ou pour suivre l&#8217;utilisateur sur un site Web ou sur diff\u00e9rents sites Web \u00e0 des fins de marketing semblables.<\/p>\n<h3>8. Activer\/d\u00e9sactiver et supprimer les cookies<\/h3>\n<p>Vous pouvez utiliser votre navigateur pour supprimer automatiquement ou manuellement les cookies. Il est \u00e9galement possible de pr\u00e9ciser que certains cookies ne peuvent pas \u00eatre plac\u00e9s. Une autre option consiste \u00e0 modifier les param\u00e8tres de votre navigateur Internet afin que vous receviez un message \u00e0 chaque fois qu&#8217;un cookie est ins\u00e9r\u00e9. Pour plus d&#8217;informations sur ces options, veuillez consulter les instructions dans la section Guide de votre navigateur.<br \/>Veuillez noter que notre site Web peut ne pas fonctionner correctement si tous les cookies sont d\u00e9sactiv\u00e9s. Si vous supprimez les cookies dans votre navigateur, ils seront ins\u00e9r\u00e9s de nouveau apr\u00e8s votre consentement lorsque vous visiterez de nouveau notre site Web.<\/p>\n<h3>9. Vos droits concernant les donn\u00e9es personnelles<\/h3>\n<p>Vous disposez des droits suivants concernant vos donn\u00e9es personnelles:<br \/>Vous avez le droit de savoir quand vos donn\u00e9es personnelles sont n\u00e9cessaires, ce qu&#8217;il advient de celles-ci, combien de temps elles seront conserv\u00e9es.<br \/>Droit d&#8217;acc\u00e8s : vous avez le droit d&#8217;acc\u00e9der \u00e0 vos donn\u00e9es personnelles dont nous avons connaissance.<br \/>Droit de rectification : Vous disposez du droit de compl\u00e9ter, corriger, supprimer ou bloquer vos donn\u00e9es personnelles \u00e0 tout moment.<br \/>Si vous nous donnez votre consentement au traitement de vos donn\u00e9es, vous avez le droit de retirer ce consentement et de supprimer vos donn\u00e9es personnelles.<br \/>Droit de transf\u00e9rer vos donn\u00e9es : vous avez le droit de demander toutes vos donn\u00e9es au responsable du traitement et de les transf\u00e9rer toutes \u00e0 un autre responsable du traitement.<br \/>Droit d&#8217;opposition : vous avez le droit de vous opposer au traitement de vos donn\u00e9es. Nous respecterons ce choix, sauf s&#8217;il existe une base valable pour les traiter.<br \/>Pour exercer ces droits, veuillez nous contacter. Veuillez vous r\u00e9f\u00e9rer aux coordonn\u00e9es situ\u00e9es au bas de cette charte cookies. Si vous avez une r\u00e9clamation concernant la mani\u00e8re dont nous traitons vos donn\u00e9es, nous aimerions pouvoir \u00e9changer avec vous, mais vous avez \u00e9galement le droit de d\u00e9poser une plainte aupr\u00e8s de l&#8217;autorit\u00e9 de contr\u00f4le (lAutorit\u00e9 de protection des donn\u00e9es personnelles).<\/p>\n<h3>10. Coordonn\u00e9es<\/h3>\n<p>Pour toute question et\/ou commentaire concernant la charte en mati\u00e8re de cookies et cette d\u00e9claration, veuillez nous contacter en utilisant les coordonn\u00e9es suivantes :<br \/>INTER-MED WELLNESS\u00ae<br \/>Via Interporto Centro Ingrosso, 35 \u2013 33170 Pordenone (PN)<br \/>Italie<br \/>Site Internet : https:\/\/intermedwellness.it<br \/>Courriel: info@intermedwellness.it<br \/>Num\u00e9ro de t\u00e9l\u00e9phone : +39 0434523624<br \/>Cette Charte concernant les cookies a \u00e9t\u00e9 synchronis\u00e9e avec cookiedatabase.org le 15 f\u00e9vrier 2024.<\/p>\n<p>[\/et_pb_text][\/et_pb_column][\/et_pb_row][\/et_pb_section]<\/p>\n","protected":false},"excerpt":{"rendered":"<p>Charte cookies Cette politique en mati\u00e8re de cookies a \u00e9t\u00e9 mise \u00e0 jour pour la derni\u00e8re fois le 15 f\u00e9vrier 2024 et s&#8217;applique aux citoyens et aux r\u00e9sidents permanents l\u00e9gaux de l&#8217;Espace \u00c9conomique Europ\u00e9en et de la Suisse. 1. Introduction Notre site Web, https:\/\/intermedwellness.it (ci-apr\u00e8s : \u00ab le site Web \u00bb) utilise des cookies et [&hellip;]<\/p>\n","protected":false},"author":1,"featured_media":0,"parent":0,"menu_order":0,"comment_status":"closed","ping_status":"closed","template":"","meta":{"_et_pb_use_builder":"on","_et_pb_old_content":"","_et_gb_content_width":"","footnotes":""},"dipi_cpt_category":[],"class_list":["post-1781","page","type-page","status-publish","hentry"],"_links":{"self":[{"href":"https:\/\/intermedwellness.it\/fr\/wp-json\/wp\/v2\/pages\/1781","targetHints":{"allow":["GET"]}}],"collection":[{"href":"https:\/\/intermedwellness.it\/fr\/wp-json\/wp\/v2\/pages"}],"about":[{"href":"https:\/\/intermedwellness.it\/fr\/wp-json\/wp\/v2\/types\/page"}],"author":[{"embeddable":true,"href":"https:\/\/intermedwellness.it\/fr\/wp-json\/wp\/v2\/users\/1"}],"replies":[{"embeddable":true,"href":"https:\/\/intermedwellness.it\/fr\/wp-json\/wp\/v2\/comments?post=1781"}],"version-history":[{"count":23,"href":"https:\/\/intermedwellness.it\/fr\/wp-json\/wp\/v2\/pages\/1781\/revisions"}],"predecessor-version":[{"id":2039,"href":"https:\/\/intermedwellness.it\/fr\/wp-json\/wp\/v2\/pages\/1781\/revisions\/2039"}],"wp:attachment":[{"href":"https:\/\/intermedwellness.it\/fr\/wp-json\/wp\/v2\/media?parent=1781"}],"wp:term":[{"taxonomy":"dipi_cpt_category","embeddable":true,"href":"https:\/\/intermedwellness.it\/fr\/wp-json\/wp\/v2\/dipi_cpt_category?post=1781"}],"curies":[{"name":"wp","href":"https:\/\/api.w.org\/{rel}","templated":true}]}}