{"id":1243,"date":"2023-11-07T16:13:56","date_gmt":"2023-11-07T15:13:56","guid":{"rendered":"https:\/\/intermedwellness.it\/stress-et-bien-etre\/"},"modified":"2024-03-12T20:04:44","modified_gmt":"2024-03-12T19:04:44","slug":"stress-et-bien-etre","status":"publish","type":"page","link":"https:\/\/intermedwellness.it\/fr\/stress-et-bien-etre\/","title":{"rendered":"Stress et bien-\u00eatre"},"content":{"rendered":"<p>[et_pb_section fb_built=&#8221;1&#8243; fullwidth=&#8221;on&#8221; _builder_version=&#8221;4.23.1&#8243; animation_style=&#8221;slide&#8221; animation_direction=&#8221;top&#8221; animation_intensity_slide=&#8221;2%&#8221; animation_starting_opacity=&#8221;100%&#8221; global_colors_info=&#8221;{}&#8221;][et_pb_fullwidth_header button_one_url=&#8221;https:\/\/intermedwellness.it\/fr\/perdita-di-peso-2\/#dieta-protivit&#8221; button_two_url=&#8221;https:\/\/intermedwellness.it\/fr\/perdita-di-peso-2\/#metodo-rma&#8221; content_max_width=&#8221;800px&#8221; _builder_version=&#8221;4.23.1&#8243; title_font=&#8221;Lato|900||on|||||&#8221; title_font_size=&#8221;62px&#8221; title_line_height=&#8221;1.2em&#8221; content_font=&#8221;||||||||&#8221; content_font_size=&#8221;20px&#8221; content_line_height=&#8221;1.8em&#8221; background_color=&#8221;rgba(255, 255, 255, 0)&#8221; use_background_color_gradient=&#8221;on&#8221; background_color_gradient_direction=&#8221;90deg&#8221; background_color_gradient_stops=&#8221;rgba(0,0,0,0.75) 0%|rgba(0,0,0,0) 100%&#8221; background_color_gradient_overlays_image=&#8221;on&#8221; background_color_gradient_start=&#8221;rgba(0,0,0,0.75)&#8221; background_color_gradient_end=&#8221;rgba(0,0,0,0)&#8221; background_image=&#8221;https:\/\/intermedwellness.it\/wp-content\/uploads\/2023\/11\/stress.jpeg&#8221; custom_button_one=&#8221;on&#8221; button_one_text_size=&#8221;15px&#8221; button_one_bg_color=&#8221;gcid-ecf1e737-3ce7-4ab0-9e78-46b9b2367c0f&#8221; button_one_border_width=&#8221;10px&#8221; button_one_border_color=&#8221;#b10135&#8243; button_one_border_radius=&#8221;0px&#8221; button_one_letter_spacing=&#8221;1px&#8221; button_one_font=&#8221;Lato|700||on|||||&#8221; custom_button_two=&#8221;on&#8221; button_two_text_size=&#8221;15px&#8221; button_two_text_color=&#8221;#FFFFFF&#8221; button_two_bg_color=&#8221;gcid-ecf1e737-3ce7-4ab0-9e78-46b9b2367c0f&#8221; button_two_border_width=&#8221;10px&#8221; button_two_border_color=&#8221;#b10135&#8243; button_two_border_radius=&#8221;0px&#8221; button_two_letter_spacing=&#8221;1px&#8221; button_two_font=&#8221;Lato|700||on|||||&#8221; custom_margin=&#8221;|||&#8221; custom_padding=&#8221;19.8%||18.1%||false|false&#8221; title_font_size_tablet=&#8221;62px&#8221; title_font_size_phone=&#8221;32px&#8221; title_font_size_last_edited=&#8221;on|phone&#8221; button_one_text_size_tablet=&#8221;15px&#8221; button_one_text_size_phone=&#8221;13px&#8221; button_one_text_size_last_edited=&#8221;on|phone&#8221; button_two_text_size_tablet=&#8221;15px&#8221; button_two_text_size_phone=&#8221;13px&#8221; button_two_text_size_last_edited=&#8221;on|phone&#8221; button_one_letter_spacing_hover=&#8221;1px&#8221; button_two_letter_spacing_hover=&#8221;1px&#8221; locked=&#8221;off&#8221; global_colors_info=&#8221;{%22gcid-ecf1e737-3ce7-4ab0-9e78-46b9b2367c0f%22:%91%22button_one_bg_color%22,%22button_two_bg_color%22%93}&#8221; button_one_text_size__hover_enabled=&#8221;off&#8221; button_two_text_size__hover_enabled=&#8221;off&#8221; button_one_text_color__hover_enabled=&#8221;off&#8221; button_two_text_color__hover_enabled=&#8221;off&#8221; button_one_border_width__hover_enabled=&#8221;off&#8221; button_two_border_width__hover_enabled=&#8221;off&#8221; button_one_border_color__hover_enabled=&#8221;off&#8221; button_two_border_color__hover_enabled=&#8221;off&#8221; button_one_border_radius__hover_enabled=&#8221;off&#8221; button_two_border_radius__hover_enabled=&#8221;off&#8221; button_one_letter_spacing__hover_enabled=&#8221;on&#8221; button_one_letter_spacing__hover=&#8221;1px&#8221; button_two_letter_spacing__hover_enabled=&#8221;on&#8221; button_two_letter_spacing__hover=&#8221;1px&#8221; button_one_bg_color__hover_enabled=&#8221;off&#8221; button_two_bg_color__hover_enabled=&#8221;off&#8221;]<\/p>\n<h1>STRESS ET BIEN-\u00caTRE<\/h1>\n<p>[\/et_pb_fullwidth_header][\/et_pb_section][et_pb_section fb_built=&#8221;1&#8243; admin_label=&#8221;Market Information Section&#8221; _builder_version=&#8221;4.23.1&#8243; background_enable_color=&#8221;off&#8221; custom_padding=&#8221;60px||60px||true|&#8221; locked=&#8221;off&#8221; global_colors_info=&#8221;{}&#8221;][et_pb_row admin_label=&#8221;Zone du titre du blog&#8221; module_id=&#8221;dieta-protivit&#8221; _builder_version=&#8221;4.21.0&#8243; locked=&#8221;off&#8221; global_colors_info=&#8221;{}&#8221;][et_pb_column type=&#8221;4_4&#8243; _builder_version=&#8221;4.16&#8243; custom_padding=&#8221;|||&#8221; global_colors_info=&#8221;{}&#8221; custom_padding__hover=&#8221;|||&#8221;][et_pb_text _builder_version=&#8221;4.23.1&#8243; text_font=&#8221;||||||||&#8221; text_font_size=&#8221;18px&#8221; text_line_height=&#8221;1.6em&#8221; header_font=&#8221;||||||||&#8221; animation_style=&#8221;flip&#8221; animation_direction=&#8221;left&#8221; animation_intensity_flip=&#8221;20%&#8221; animation_starting_opacity=&#8221;100%&#8221; text_font_size_tablet=&#8221;18px&#8221; text_font_size_phone=&#8221;16px&#8221; text_font_size_last_edited=&#8221;on|phone&#8221; global_colors_info=&#8221;{}&#8221;]<\/p>\n<p>Qui ne parle pas de stress aujourd&#8217;hui ? <br \/>Combien de fois avons-nous entendu :<\/p>\n<p><strong>&#8220;Je suis stress\u00e9(e)&#8221;, &#8220;mon travail est stressant&#8221;, &#8220;les enfants me stressent&#8221; &#8230;..<\/strong><\/p>\n<p>Reconnu comme la &#8220;maladie du si\u00e8cle&#8221;, nous oublions souvent que le stress est aussi une r\u00e9action normale de l&#8217;organisme \u00e0 une &#8220;stimulation&#8221; ext\u00e9rieure.<span class=\"Apple-converted-space\"> <\/span><\/p>\n<p>En effet, sous l&#8217;effet du stress, l&#8217;organisme produit de l&#8217;adr\u00e9naline et diverses hormones (cortisol, endorphines, etc.) qui nous poussent \u00e0 agir, \u00e0 r\u00e9agir, \u00e0 prendre des d\u00e9cisions.<\/p>\n<p>Cependant, si le stimulus stressant est de forte intensit\u00e9 et\/ou dure longtemps et\/ou est r\u00e9p\u00e9t\u00e9, l&#8217;organisme consomme ses propres ressources \u00e0 l&#8217;origine de d\u00e9s\u00e9quilibres qui peuvent se transformer en maux divers et symptomatologies, voire devenir de r\u00e9elles pathologies (fatigue chronique, troubles du comportement alimentaire, irritabilit\u00e9, d\u00e9pression, troubles du sommeil, etc.)<\/p>\n<p><strong>Nous savons qu&#8217;il est essentiel de comprendre comment l&#8217;individu g\u00e8re les situations stressantes car, finalement, c&#8217;est la perception et l&#8217;interpr\u00e9tation de l&#8217;individu qui conditionnent les strat\u00e9gies de r\u00e9action.<\/strong><\/p>\n<p>Par cons\u00e9quent, la capacit\u00e9 \u00e0 appr\u00e9hender ses propres limites au stress est cruciale pour le bien-\u00eatre de l&#8217;individu. Le stress peut devenir une occasion d&#8217;apprendre \u00e0 se conna\u00eetre (limites, potentiels, etc.).<span class=\"Apple-converted-space\"> <\/span><\/p>\n<p>Le stress, s&#8217;il est compris, peut \u00eatre une opportunit\u00e9 pour acqu\u00e9rir de nouveaux modes de fonctionnement, adopter une attitude positive face \u00e0 des situations o\u00f9 l&#8217;incertitude et l&#8217;inconnu ne peuvent \u00eatre \u00e9limin\u00e9s.<\/p>\n<p>[\/et_pb_text][\/et_pb_column][\/et_pb_row][\/et_pb_section][et_pb_section fb_built=&#8221;1&#8243; _builder_version=&#8221;4.23.1&#8243; _module_preset=&#8221;default&#8221; background_color=&#8221;gcid-ecf1e737-3ce7-4ab0-9e78-46b9b2367c0f&#8221; custom_padding=&#8221;50px|||||&#8221; global_colors_info=&#8221;{%22gcid-ecf1e737-3ce7-4ab0-9e78-46b9b2367c0f%22:%91%22background_color%22%93}&#8221;][et_pb_row admin_label=&#8221;Zone du titre du blog&#8221; module_id=&#8221;metodo-rma&#8221; _builder_version=&#8221;4.21.0&#8243; locked=&#8221;off&#8221; global_colors_info=&#8221;{}&#8221;][et_pb_column type=&#8221;4_4&#8243; _builder_version=&#8221;4.16&#8243; custom_padding=&#8221;|||&#8221; global_colors_info=&#8221;{}&#8221; custom_padding__hover=&#8221;|||&#8221;][et_pb_text _builder_version=&#8221;4.23.1&#8243; text_font=&#8221;||||||||&#8221; text_text_color=&#8221;#FFFFFF&#8221; text_font_size=&#8221;21px&#8221; text_line_height=&#8221;1.6em&#8221; header_font=&#8221;||||||||&#8221; header_4_font=&#8221;|700|||||||&#8221; header_4_text_color=&#8221;#FFFFFF&#8221; header_4_font_size=&#8221;28px&#8221; animation_style=&#8221;flip&#8221; animation_direction=&#8221;left&#8221; animation_intensity_flip=&#8221;20%&#8221; animation_starting_opacity=&#8221;100%&#8221; text_font_size_tablet=&#8221;18px&#8221; text_font_size_phone=&#8221;16px&#8221; text_font_size_last_edited=&#8221;on|phone&#8221; header_4_font_size_tablet=&#8221;24px&#8221; header_4_font_size_phone=&#8221;21px&#8221; header_4_font_size_last_edited=&#8221;on|phone&#8221; global_colors_info=&#8221;{}&#8221;]<\/p>\n<p>Apprendre qu&#8217;il est bon de,<\/p>\n<h4><strong><em>&#8220;Commencez par changer en vous ce que vous voulez changer autour de vous&#8221;.<\/em><\/strong><\/h4>\n<p><em>(Gandhi)<\/em><\/p>\n<p>Parce que :<\/p>\n<h4><strong><em>&#8220;Le stress doit \u00eatre un puissant moteur et non un obstacle&#8221;.<br \/><\/em><\/strong><\/h4>\n<p><em>(Bill Phillips)<\/em><\/p>\n<p>D&#8217;un point de vue pratique, il s&#8217;agit de prendre en main la situation probl\u00e9matique ; de se fixer un ou plusieurs objectifs afin d&#8217;adopter un mode de vie appropri\u00e9 (corps\/esprit\/relations sociales) ; d&#8217;\u00eatre accompagn\u00e9 par un professionnel du bien-\u00eatre (coach) qui vous aidera lors d&#8217;un entretien approfondi <span>\u00e0 \u00e9largir les diff\u00e9rents points de vue ; <\/span>utiliser, si n\u00e9cessaire, la nutrition, certains compl\u00e9ments alimentaires, des produits prot\u00e9in\u00e9s, des rem\u00e8des floraux.<\/p>\n<h4><em><strong>&#8220;Que ton alimentation soit la premi\u00e8re m\u00e9decine&#8221;. <\/strong><\/em><\/h4>\n<p><em>(Hippocrate)<\/em><\/p>\n<p>\u00e9valuer la programmation d&#8217;une activit\u00e9 physique appropri\u00e9e. En un mot, trouver et utiliser des outils utiles pour atteindre ses objectifs.<\/p>\n<h4><strong><em>&#8220;Soyez vous-m\u00eame. Les autres sont d\u00e9j\u00e0 pris&#8221;<\/em> <\/strong><\/h4>\n<p>(Oscar Wilde)<\/p>\n<p>[\/et_pb_text][\/et_pb_column][\/et_pb_row][\/et_pb_section][et_pb_section fb_built=&#8221;1&#8243; _builder_version=&#8221;4.23.1&#8243; _module_preset=&#8221;default&#8221; background_enable_color=&#8221;off&#8221; custom_padding=&#8221;50px|||||&#8221; global_colors_info=&#8221;{}&#8221;][et_pb_row column_structure=&#8221;1_2,1_2&#8243; use_custom_gutter=&#8221;on&#8221; gutter_width=&#8221;2&#8243; admin_label=&#8221;Zone du titre du blog&#8221; module_id=&#8221;metodo-rma&#8221; _builder_version=&#8221;4.23.1&#8243; locked=&#8221;off&#8221; global_colors_info=&#8221;{}&#8221; custom_padding=&#8221;||0px|||&#8221;][et_pb_column type=&#8221;1_2&#8243; _builder_version=&#8221;4.16&#8243; custom_padding=&#8221;|||&#8221; global_colors_info=&#8221;{}&#8221; custom_padding__hover=&#8221;|||&#8221;][et_pb_text admin_label=&#8221;Title&#8221; _builder_version=&#8221;4.23.1&#8243; text_font=&#8221;||||||||&#8221; header_font=&#8221;||||||||&#8221; header_2_font=&#8221;Lato|700|||||||&#8221; header_2_text_color=&#8221;gcid-ecf1e737-3ce7-4ab0-9e78-46b9b2367c0f&#8221; header_2_font_size=&#8221;40px&#8221; header_2_line_height=&#8221;1.4em&#8221; custom_margin=&#8221;||0px|||&#8221; custom_padding=&#8221;|||&#8221; animation_direction=&#8221;left&#8221; header_2_font_size_tablet=&#8221;36px&#8221; header_2_font_size_phone=&#8221;28px&#8221; header_2_font_size_last_edited=&#8221;on|phone&#8221; global_colors_info=&#8221;{%22gcid-ecf1e737-3ce7-4ab0-9e78-46b9b2367c0f%22:%91%22header_2_text_color%22%93}&#8221;]<\/p>\n<h2>LE MONDE DU TRAVAIL<\/h2>\n<p>[\/et_pb_text][\/et_pb_column][et_pb_column type=&#8221;1_2&#8243; _builder_version=&#8221;4.16&#8243; custom_padding=&#8221;|||&#8221; global_colors_info=&#8221;{}&#8221; custom_padding__hover=&#8221;|||&#8221;][\/et_pb_column][\/et_pb_row][et_pb_row column_structure=&#8221;1_2,1_2&#8243; use_custom_gutter=&#8221;on&#8221; gutter_width=&#8221;2&#8243; admin_label=&#8221;Zone du titre du blog&#8221; module_id=&#8221;metodo-rma&#8221; _builder_version=&#8221;4.23.1&#8243; locked=&#8221;off&#8221; global_colors_info=&#8221;{}&#8221; custom_padding=&#8221;0px|||||&#8221;][et_pb_column type=&#8221;1_2&#8243; _builder_version=&#8221;4.16&#8243; custom_padding=&#8221;|||&#8221; global_colors_info=&#8221;{}&#8221; custom_padding__hover=&#8221;|||&#8221;][et_pb_text _builder_version=&#8221;4.23.1&#8243; text_font=&#8221;||||||||&#8221; text_font_size=&#8221;18px&#8221; text_line_height=&#8221;1.6em&#8221; header_font=&#8221;||||||||&#8221; header_4_text_color=&#8221;#666666&#8243; header_4_font_size=&#8221;28px&#8221; header_4_line_height=&#8221;1.2em&#8221; animation_style=&#8221;flip&#8221; animation_direction=&#8221;left&#8221; animation_intensity_flip=&#8221;20%&#8221; animation_starting_opacity=&#8221;100%&#8221; text_font_size_tablet=&#8221;18px&#8221; text_font_size_phone=&#8221;16px&#8221; text_font_size_last_edited=&#8221;on|phone&#8221; header_4_font_size_tablet=&#8221;24px&#8221; header_4_font_size_phone=&#8221;21px&#8221; header_4_font_size_last_edited=&#8221;on|desktop&#8221; global_colors_info=&#8221;{}&#8221;]<\/p>\n<p>Selon l&#8217;O.M.S., le bien-\u00eatre au travail se traduit par un \u00e9tat d&#8217;esprit positif, d\u00e9fini de la mani\u00e8re suivante : &#8220;un \u00e9tat d&#8217;esprit caract\u00e9ris\u00e9 par une harmonie satisfaisante entre d&#8217;un c\u00f4t\u00e9 les aptitudes, les besoins, les aspirations du travailleur, et de l&#8217;autre les contraintes et les possibilit\u00e9s du milieu de travail&#8221;.<\/p>\n<p>Par cons\u00e9quent, m\u00eame au travail, la perception du bien-\u00eatre est multifactorielle et multidimensionnelle. Il est donc n\u00e9cessaire de savoir clairement ce que l&#8217;on veut atteindre, comment et pourquoi \u00e0 tous les niveaux (<span>individuel, professionnel, social et de l&#8217;entreprise)<\/span>.<\/p>\n<p>En particulier lorsque l&#8217;habitude g\u00e9n\u00e9rale est de porter son attention sur les manques et les probl\u00e8mes,<span class=\"Apple-converted-space\"> <\/span>il devient utile, pour ne pas dire n\u00e9cessaire, de se concentrer sur ce qui peut \u00eatre fait concr\u00e8tement pour am\u00e9liorer la situation existante, la corriger ou s&#8217;y adapter.<\/p>\n<p>[\/et_pb_text][\/et_pb_column][et_pb_column type=&#8221;1_2&#8243; _builder_version=&#8221;4.16&#8243; custom_padding=&#8221;|||&#8221; global_colors_info=&#8221;{}&#8221; custom_padding__hover=&#8221;|||&#8221;][et_pb_image src=&#8221;https:\/\/intermedwellness.it\/wp-content\/uploads\/2023\/11\/personel.jpeg&#8221; title_text=&#8221;personnel&#8221; _builder_version=&#8221;4.23.1&#8243; _module_preset=&#8221;default&#8221; global_colors_info=&#8221;{}&#8221;][\/et_pb_image][\/et_pb_column][\/et_pb_row][et_pb_row use_custom_gutter=&#8221;on&#8221; gutter_width=&#8221;2&#8243; admin_label=&#8221;Zone du titre du blog&#8221; module_id=&#8221;metodo-rma&#8221; _builder_version=&#8221;4.23.1&#8243; locked=&#8221;off&#8221; global_colors_info=&#8221;{}&#8221;][et_pb_column type=&#8221;4_4&#8243; _builder_version=&#8221;4.16&#8243; custom_padding=&#8221;|||&#8221; global_colors_info=&#8221;{}&#8221; custom_padding__hover=&#8221;|||&#8221;][et_pb_text _builder_version=&#8221;4.23.1&#8243; text_font=&#8221;||||||||&#8221; text_font_size=&#8221;18px&#8221; text_line_height=&#8221;1.6em&#8221; header_font=&#8221;||||||||&#8221; header_4_text_color=&#8221;#666666&#8243; header_4_font_size=&#8221;28px&#8221; header_4_line_height=&#8221;1.2em&#8221; animation_style=&#8221;flip&#8221; animation_direction=&#8221;left&#8221; animation_intensity_flip=&#8221;20%&#8221; animation_starting_opacity=&#8221;100%&#8221; text_font_size_tablet=&#8221;18px&#8221; text_font_size_phone=&#8221;16px&#8221; text_font_size_last_edited=&#8221;on|phone&#8221; header_4_font_size_tablet=&#8221;24px&#8221; header_4_font_size_phone=&#8221;21px&#8221; header_4_font_size_last_edited=&#8221;on|desktop&#8221; global_colors_info=&#8221;{}&#8221;]<\/p>\n<h4><em><strong>&#8220;Se r\u00e9unir est un d\u00e9but, rester ensemble est un progr\u00e8s, travailler ensemble est une r\u00e9ussite. <\/strong><\/em><\/h4>\n<p><em>(Henry Ford)<\/em><\/p>\n<p>Si ce sujet vous int\u00e9resse, vous pouvez visiter le <a href=\"http:\/\/www.performable.fr\" target=\"_blank\" rel=\"noopener\">site www.performable.fr, <\/a>laisser un message ou poser des questions dans la zone &#8220;contact&#8221;.<\/p>\n<p>[\/et_pb_text][\/et_pb_column][\/et_pb_row][\/et_pb_section][et_pb_section fb_built=&#8221;1&#8243; _builder_version=&#8221;4.23.1&#8243; _module_preset=&#8221;default&#8221; background_color=&#8221;gcid-c694c0bf-b8e5-4e4a-94e1-7115c0807798&#8243; custom_padding=&#8221;50px|||||&#8221; global_colors_info=&#8221;{%22gcid-c694c0bf-b8e5-4e4a-94e1-7115c0807798%22:%91%22background_color%22%93}&#8221;][et_pb_row admin_label=&#8221;Zone du titre du blog&#8221; module_id=&#8221;metodo-rma&#8221; _builder_version=&#8221;4.21.0&#8243; locked=&#8221;off&#8221; global_colors_info=&#8221;{}&#8221;][et_pb_column type=&#8221;4_4&#8243; _builder_version=&#8221;4.16&#8243; custom_padding=&#8221;|||&#8221; global_colors_info=&#8221;{}&#8221; custom_padding__hover=&#8221;|||&#8221;][et_pb_text admin_label=&#8221;Title&#8221; _builder_version=&#8221;4.23.1&#8243; text_font=&#8221;||||||||&#8221; header_font=&#8221;||||||||&#8221; header_2_font=&#8221;Lato|700|||||||&#8221; header_2_text_color=&#8221;#FFFFFF&#8221; header_2_font_size=&#8221;40px&#8221; header_2_line_height=&#8221;1.4em&#8221; custom_margin=&#8221;||0px|||&#8221; custom_padding=&#8221;|||&#8221; animation_direction=&#8221;left&#8221; header_2_font_size_tablet=&#8221;36px&#8221; header_2_font_size_phone=&#8221;28px&#8221; header_2_font_size_last_edited=&#8221;on|phone&#8221; global_colors_info=&#8221;{}&#8221;]<\/p>\n<h2>CONCLUSION<\/h2>\n<p>[\/et_pb_text][et_pb_text _builder_version=&#8221;4.23.1&#8243; text_font=&#8221;||||||||&#8221; text_text_color=&#8221;#FFFFFF&#8221; text_font_size=&#8221;21px&#8221; text_line_height=&#8221;1.6em&#8221; header_font=&#8221;||||||||&#8221; animation_style=&#8221;flip&#8221; animation_direction=&#8221;left&#8221; animation_intensity_flip=&#8221;20%&#8221; animation_starting_opacity=&#8221;100%&#8221; text_font_size_tablet=&#8221;18px&#8221; text_font_size_phone=&#8221;16px&#8221; text_font_size_last_edited=&#8221;on|phone&#8221; global_colors_info=&#8221;{}&#8221;]Comme vous pouvez le constater, tout est li\u00e9.<br \/>\nIl suffit parfois d&#8217;agir sur son propre bien-\u00eatre pour vivre une vie professionnelle et\/ou personnelle satisfaisante.<br \/>\nParfois, il suffit de communiquer pour cr\u00e9er un environnement de travail o\u00f9 la r\u00e9ussite est synonyme de VALEUR.[\/et_pb_text][et_pb_text _builder_version=&#8221;4.23.1&#8243; text_font=&#8221;||||||||&#8221; text_text_color=&#8221;#FFFFFF&#8221; text_font_size=&#8221;21px&#8221; text_line_height=&#8221;1.6em&#8221; header_font=&#8221;||||||||&#8221; header_4_text_color=&#8221;#FFFFFF&#8221; header_4_font_size=&#8221;28px&#8221; header_4_line_height=&#8221;1.2em&#8221; animation_style=&#8221;flip&#8221; animation_direction=&#8221;left&#8221; animation_intensity_flip=&#8221;20%&#8221; animation_starting_opacity=&#8221;100%&#8221; text_font_size_tablet=&#8221;18px&#8221; text_font_size_phone=&#8221;16px&#8221; text_font_size_last_edited=&#8221;on|phone&#8221; header_4_font_size_tablet=&#8221;24px&#8221; header_4_font_size_phone=&#8221;21px&#8221; header_4_font_size_last_edited=&#8221;on|desktop&#8221; global_colors_info=&#8221;{}&#8221;]<\/p>\n<h4><em><strong>&#8220;Je ne suis pas le produit des circonstances. Je suis le produit de mes d\u00e9cisions&#8221;.<\/strong><\/em><\/h4>\n<p><em>(Stephen Covey)<\/em>[\/et_pb_text][\/et_pb_column][\/et_pb_row][\/et_pb_section]<\/p>\n","protected":false},"excerpt":{"rendered":"<p>STRESS ET BIEN-\u00caTREQui ne parle pas de stress aujourd&#8217;hui ? Combien de fois avons-nous entendu : &#8220;Je suis stress\u00e9(e)&#8221;, &#8220;mon travail est stressant&#8221;, &#8220;les enfants me stressent&#8221; &#8230;.. Reconnu comme la &#8220;maladie du si\u00e8cle&#8221;, nous oublions souvent que le stress est aussi une r\u00e9action normale de l&#8217;organisme \u00e0 une &#8220;stimulation&#8221; ext\u00e9rieure. En effet, sous l&#8217;effet [&hellip;]<\/p>\n","protected":false},"author":1,"featured_media":0,"parent":0,"menu_order":0,"comment_status":"closed","ping_status":"closed","template":"","meta":{"_et_pb_use_builder":"on","_et_pb_old_content":"","_et_gb_content_width":"","footnotes":""},"dipi_cpt_category":[],"class_list":["post-1243","page","type-page","status-publish","hentry"],"_links":{"self":[{"href":"https:\/\/intermedwellness.it\/fr\/wp-json\/wp\/v2\/pages\/1243","targetHints":{"allow":["GET"]}}],"collection":[{"href":"https:\/\/intermedwellness.it\/fr\/wp-json\/wp\/v2\/pages"}],"about":[{"href":"https:\/\/intermedwellness.it\/fr\/wp-json\/wp\/v2\/types\/page"}],"author":[{"embeddable":true,"href":"https:\/\/intermedwellness.it\/fr\/wp-json\/wp\/v2\/users\/1"}],"replies":[{"embeddable":true,"href":"https:\/\/intermedwellness.it\/fr\/wp-json\/wp\/v2\/comments?post=1243"}],"version-history":[{"count":21,"href":"https:\/\/intermedwellness.it\/fr\/wp-json\/wp\/v2\/pages\/1243\/revisions"}],"predecessor-version":[{"id":1984,"href":"https:\/\/intermedwellness.it\/fr\/wp-json\/wp\/v2\/pages\/1243\/revisions\/1984"}],"wp:attachment":[{"href":"https:\/\/intermedwellness.it\/fr\/wp-json\/wp\/v2\/media?parent=1243"}],"wp:term":[{"taxonomy":"dipi_cpt_category","embeddable":true,"href":"https:\/\/intermedwellness.it\/fr\/wp-json\/wp\/v2\/dipi_cpt_category?post=1243"}],"curies":[{"name":"wp","href":"https:\/\/api.w.org\/{rel}","templated":true}]}}