{"id":1208,"date":"2023-10-03T16:22:20","date_gmt":"2023-10-03T14:22:20","guid":{"rendered":"https:\/\/intermedwellness.it\/politique-de-confidentialite\/"},"modified":"2024-03-14T15:28:40","modified_gmt":"2024-03-14T14:28:40","slug":"politique-de-confidentialite","status":"publish","type":"page","link":"https:\/\/intermedwellness.it\/fr\/politique-de-confidentialite\/","title":{"rendered":"Politique de protection des donn\u00e9es personnelles"},"content":{"rendered":"<p>[et_pb_section fb_built=&#8221;1&#8243; _builder_version=&#8221;4.22.1&#8243; _module_preset=&#8221;default&#8221; custom_margin=&#8221;||||false|false&#8221; global_colors_info=&#8221;{}&#8221;][et_pb_row _builder_version=&#8221;4.22.1&#8243; _module_preset=&#8221;default&#8221; global_colors_info=&#8221;{}&#8221;][et_pb_column type=&#8221;4_4&#8243; _builder_version=&#8221;4.22.1&#8243; _module_preset=&#8221;default&#8221; global_colors_info=&#8221;{}&#8221;][et_pb_text _builder_version=&#8221;4.22.2&#8243; _module_preset=&#8221;default&#8221; header_font_size=&#8221;36px&#8221; header_line_height=&#8221;1.2em&#8221; animation_style=&#8221;fade&#8221; header_font_size_tablet=&#8221;28px&#8221; header_font_size_phone=&#8221;21px&#8221; header_font_size_last_edited=&#8221;on|phone&#8221; global_colors_info=&#8221;{}&#8221;]<\/p>\n<h1>POLITIQUE DE PROTECTION DES DONN\u00c9ES PERSONNELLES DU SITE WEB<\/h1>\n<p>[\/et_pb_text][et_pb_text _builder_version=&#8221;4.24.2&#8243; _module_preset=&#8221;default&#8221; hover_enabled=&#8221;0&#8243; global_colors_info=&#8221;{}&#8221; sticky_enabled=&#8221;0&#8243;]<\/p>\n<p><span>Suite \u00e0 la compilation et \u00e0 l&#8217;envoi des formulaires pr\u00e9sents sur le site et \u00e0 la n\u00e9cessit\u00e9 de r\u00e9pondre \u00e0 toutes les demandes que vous nous adress\u00e9es par e-mail (mais aussi par t\u00e9l\u00e9phone, fax ou courrier papier), des donn\u00e9es \u00e0 caract\u00e8re personnel sont trait\u00e9es.<\/span><\/p>\n<p><span>Ces informations sont fournies conform\u00e9ment \u00e0 l&#8217;art. 13 de la<i> R\u00e8glement (UE) n\u00b0 679\/2016 &#8211; R\u00e8glement g\u00e9n\u00e9ral sur la protection des donn\u00e9es personnelles (RGPD)<\/i> et illustre la mani\u00e8re dont sont g\u00e9r\u00e9es les donn\u00e9es des personnes concern\u00e9es, c&#8217;est-\u00e0-dire celles qui interagissent avec le site et les services web d&#8217;Inter-Med\u00ae S.R.L., accessibles par voie \u00e9lectronique \u00e0 l&#8217;adresse : <a href=\"https:\/\/www.intermeditalia.com\/\" target=\"_blank\" rel=\"noopener\">https:\/\/www.intermeditalia.com<\/a> correspondant \u00e0 la page d&#8217;accueil du site officiel de l&#8217;entreprise. Il en va de m\u00eame pour tous les autres sites Internet qui peuvent \u00eatre consult\u00e9s par l&#8217;utilisateur par le biais de liens hypertextes.<\/span><\/p>\n<p><span>Le &#8220;responsable du traitement&#8221; est <strong>Inter-Med\u00ae S.R.L.<\/strong> dont le si\u00e8ge social est situ\u00e9 Via Interporto Centro Ingrosso, 35 33170 Pordenone (PN) &#8211; ITALIE en la personne de son repr\u00e9sentant l\u00e9gal, Mme VERONIQUE BARRE.<\/span><\/p>\n<p><span> <\/span><\/p>\n<p><span>FINALIT\u00c9 DU TRAITEMENT<\/span><\/p>\n<div>\n<p><span>Inter-Med\u00ae informe toutes les parties int\u00e9ress\u00e9es que les donn\u00e9es personnelles fournies par le biais du courrier \u00e9lectronique et\/ou des formulaires en ligne seront trait\u00e9es aux fins suivantes : <\/span><\/p>\n<ol>\n<li><span>pour le traitement des communications et de vos demandes \u00e9ventuelles, et si n\u00e9cessaire pour communiquer vos donn\u00e9es \u00e0 des tiers afin de r\u00e9pondre \u00e0 vos demandes ;<\/span><\/li>\n<li><span>pour la gestion pr\u00e9contractuelle et contractuelle et la fourniture des produits (y compris les produits ProtiVit\u00ae) et les services demand\u00e9s, ainsi que les services apr\u00e8s-vente connexes ;<\/span><\/li>\n<li><span>pour la gestion du compte du client en tant que visiteur et\/ou utilisateur enregistr\u00e9 sur le site et lui permettre de naviguer sur le site ;<\/span><\/li>\n<li><span>remplir les obligations pr\u00e9vues par la loi, la r\u00e9glementation, la l\u00e9gislation de l&#8217;UE ou d&#8217;une ordonnance de l&#8217;Autorit\u00e9 ;<\/span><\/li>\n<li><span>mesurer le degr\u00e9 de satisfaction \u00e0 l&#8217;\u00e9gard de la qualit\u00e9 des produits et des services fournis ;<\/span><\/li>\n<li><span>pr\u00e9venir ou d\u00e9tecter les activit\u00e9s frauduleuses ou les abus pr\u00e9judiciables au site ;<\/span><\/li>\n<li><span>exercer les droits du responsable du traitement, pour la gestion d&#8217;\u00e9ventuelles plaintes et litiges et la protection des droits du Responsable du traitement, comme par exemple l&#8217;exercice d&#8217;un droit en justice ;<\/span><\/li>\n<li><span>vous envoyer (par e-mail, papier, fax, t\u00e9l\u00e9phone) des informations, du mat\u00e9riel promotionnel ou publicitaire relatif \u00e0 nos produits (y compris les produits ProtiVit) et \u00e0 nos services, ainsi qu&#8217;aux services des professionnels qui collaborent avec nous dans la recherche et le d\u00e9veloppement de nos produits et dans le domaine de la nutrition et de l&#8217;amincissement, r\u00e9aliser des \u00e9tudes de march\u00e9, des analyses de consommation sous forme anonyme, des communications commerciales en g\u00e9n\u00e9ral, et vous contacter aux m\u00eames fins.<\/span><\/li>\n<\/ol>\n<p><span>Nous tenons \u00e0 souligner que si vous \u00eates d\u00e9j\u00e0 notre client, nous pouvons vous envoyer des communications commerciales relatives \u00e0 des services et produits du contr\u00f4leur similaires \u00e0 ceux que vous avez d\u00e9j\u00e0 utilis\u00e9s, \u00e0 moins que vous ne vous y opposiez.<\/span><\/p>\n<p><span>La base juridique du traitement est la suivante :<\/span><\/p>\n<p><span>&#8211; l&#8217;ex\u00e9cution d&#8217;un contrat ou de mesures pr\u00e9contractuelles aux fins vis\u00e9es aux points a, b, c ;<\/span><\/p>\n<p><span>&#8211; l&#8217;ex\u00e9cution des obligations l\u00e9gales auxquelles le titulaire est soumis en vertu du point d ;<\/span><\/p>\n<p><span>&#8211; l&#8217;int\u00e9r\u00eat l\u00e9gitime du responsable du traitement pour les points e, f, g :<\/span><\/p>\n<p><span>&#8211; le consentement de la personne concern\u00e9e pour le point h.<\/span><\/p>\n<p>&nbsp;<\/p>\n<\/div>\n<p><span>LA COMMUNICATION ET LA DIFFUSION DES DONN\u00c9ES<br \/><\/span><\/p>\n<p><span>Exclusivement aux fins susmentionn\u00e9es et en relation avec le rapport sp\u00e9cifique et la fourniture demand\u00e9e, les donn\u00e9es seront mises \u00e0 la disposition de nos employ\u00e9s et collaborateurs affect\u00e9s par nous au traitement, ainsi que communiqu\u00e9es aux tiers suivants : nutritionnistes et autres professionnels qui collaborent avec nous dans la recherche et le d\u00e9veloppement de nos produits et dans le domaine de la nutrition et de l&#8217;amincissement, \u00e9galement dans le but de r\u00e9pondre \u00e0 vos demandes\/contacts, soci\u00e9t\u00e9s qui collaborent \u00e0 la gestion administrative de la soci\u00e9t\u00e9 et \u00e0 la maintenance et \u00e0 l&#8217;h\u00e9bergement du site). Les donn\u00e9es ne seront pas diffus\u00e9es.<\/span><\/p>\n<p><span> <\/span><\/p>\n<p><span>M\u00c9THODES DE TRAITEMENT ET DE STOCKAGE DES DONN\u00c9ES<br \/><\/span><span><br \/>Les traitements li\u00e9s aux services web de ce site sont effectu\u00e9s \u00e0 l&#8217;aide de proc\u00e9dures informatiques, t\u00e9l\u00e9matiques et manuelles strictement n\u00e9cessaires aux finalit\u00e9s pour lesquelles ils sont collect\u00e9s, et sont trait\u00e9s uniquement par le personnel technique charg\u00e9 du traitement, ou par des personnes charg\u00e9es d&#8217;op\u00e9rations de maintenance occasionnelles pour en garantir la confidentialit\u00e9 et l&#8217;int\u00e9grit\u00e9. Elles sont stock\u00e9es dans une base de donn\u00e9es dans nos locaux et dans les locaux de ceux qui nous fournissent des services d&#8217;h\u00e9bergement d\u00e9di\u00e9s.<\/span><\/p>\n<p><span>Vos donn\u00e9es personnelles seront trait\u00e9es conform\u00e9ment aux principes d&#8217;exactitude, de l\u00e9galit\u00e9, de transparence et de protection de votre vie priv\u00e9e et de vos droits. Les donn\u00e9es seront trait\u00e9es conform\u00e9ment aux principes de pertinence et de non-excessivit\u00e9, \u00e0 l&#8217;aide d&#8217;outils papier et \u00e9lectroniques, en garantissant la confidentialit\u00e9 et l&#8217;int\u00e9grit\u00e9 des donn\u00e9es.<\/span><\/p>\n<p><span>Les donn\u00e9es seront trait\u00e9es par du personnel autoris\u00e9 (d\u00fbment identifi\u00e9 et form\u00e9) et par des sous-traitants pour la r\u00e9alisation des objectifs indiqu\u00e9s.<\/span><\/p>\n<p><span>Les donn\u00e9es personnelles trait\u00e9es pour l&#8217;ex\u00e9cution d&#8217;obligations pr\u00e9contractuelles et contractuelles seront trait\u00e9es et conserv\u00e9es pendant la dur\u00e9e n\u00e9cessaire \u00e0 l&#8217;ex\u00e9cution de l&#8217;activit\u00e9 demand\u00e9e, et \u00e9galement ult\u00e9rieurement si la loi l&#8217;exige ou pour prot\u00e9ger, faire valoir ou d\u00e9fendre en justice les droits du responsable du traitement. Les donn\u00e9es personnelles trait\u00e9es \u00e0 des fins de marketing seront conserv\u00e9es jusqu&#8217;\u00e0 la communication de retrait.<\/span><\/p>\n<p>&nbsp;<\/p>\n<p><span>TRANSFERT DE DONN\u00c9ES VERS DES PAYS TIERS<br \/><\/span><\/p>\n<p><span>Pour l&#8217;envoi de notre lettre d&#8217;information, nous utilisons les services de MailChimp, une plateforme bas\u00e9e \u00e0 Atlanta, GA 30308 USA, qui s&#8217;occupe de l&#8217;envoi de courriels. Pour que MailChimp puisse envoyer nos lettres d&#8217;information, votre adresse \u00e9lectronique et les autres donn\u00e9es personnelles indiqu\u00e9es dans le pr\u00e9sent avis sont stock\u00e9es sur les serveurs de MailChimp aux \u00c9tats-Unis. Vous pouvez consulter la politique de confidentialit\u00e9 de MailChimp sur le lien <a href=\"https:\/\/mailchimp.com\/legal\/privacy\/\" target=\"_blank\" rel=\"noopener\">https:\/\/mailchimp.com\/legal\/privacy\/<\/a>. Le transfert est effectu\u00e9 sur la base des clauses contractuelles types (CCN).<\/span><\/p>\n<p><span>LE CARACT\u00c8RE OBLIGATOIRE OU FACULTATIF DE L&#8217;ATTRIBUTION<br \/><\/span><\/p>\n<p><span>En dehors de ce qui est sp\u00e9cifi\u00e9 pour les donn\u00e9es de navigation, l&#8217;utilisateur est libre de fournir ou non des donn\u00e9es personnelles. La fourniture des donn\u00e9es (nom et pr\u00e9nom, \u00e2ge, sexe, adresse, province, e-mail et t\u00e9l\u00e9phone) et l&#8217;autorisation de les communiquer aux tiers indiqu\u00e9s ci-dessus sont n\u00e9cessaires et obligatoires aux fins indiqu\u00e9es ci-dessous. (a) et sous (b), faute de quoi le contr\u00f4leur ne peut r\u00e9pondre aux demandes de l&#8217;utilisateur. Consentement au traitement des donn\u00e9es \u00e0 des fins sub a) est obligatoire, le fait de ne pas consentir \u00e0 son traitement ne nous permettra pas de vous envoyer le mat\u00e9riel ou les informations demand\u00e9s ; consentement au traitement des donn\u00e9es dans le but sub (Le point b) est facultatif.<\/span><\/p>\n<p>&nbsp;<\/p>\n<p><span>DROITS DE LA PERSONNE CONCERN\u00c9E<br \/><\/span><\/p>\n<p><span>La personne concern\u00e9e a le droit :<\/span><br \/><span>&#8211; l&#8217;acc\u00e8s, la rectification, l&#8217;effacement, la limitation et l&#8217;opposition au traitement des donn\u00e9es ;<\/span><br \/><span>&#8211; d&#8217;obtenir sans entrave du responsable du traitement les donn\u00e9es dans un format structur\u00e9 et lisible par machine en vue de leur transmission \u00e0 un autre responsable du traitement ;<\/span><br \/><span>&#8211; de r\u00e9voquer le consentement au traitement, sans pr\u00e9judice de la l\u00e9galit\u00e9 du traitement fond\u00e9 sur le consentement obtenu avant la r\u00e9vocation ;<\/span><br \/><span>&#8211; d\u00e9poser une plainte aupr\u00e8s de l&#8217;Autorit\u00e9 de protection des donn\u00e9es.<\/span><\/p>\n<p><span>La partie int\u00e9ress\u00e9e peut exercer ses droits \u00e0 tout moment en envoyant :<\/span><br \/><span>&#8211; par lettre recommand\u00e9e avec accus\u00e9 de r\u00e9ception \u00e0 INTER-MED\u00ae SRL, dont le si\u00e8ge social est situ\u00e9 Via Interporto Centro Ingrosso, 35 33170 Pordenone ;<\/span><br \/><span>&#8211; par courrier \u00e9lectronique \u00e0 l&#8217;adresse <span id=\"cloak1cdd43012dd0da8cc585aa5cff6cb5cc\"><br \/><a href=\"mailto:privacy@intermeditalia.com\">privacy@intermeditalia.com<\/a><br \/><\/span><\/span><\/p>\n<p><span>Conform\u00e9ment \u00e0 la l\u00e9gislation en vigueur, outre les droits susmentionn\u00e9s, vous avez \u00e9galement le droit d&#8217;introduire une r\u00e9clamation aupr\u00e8s de l&#8217;autorit\u00e9 de contr\u00f4le comp\u00e9tente en acc\u00e9dant \u00e0 www.garanteprivacy.it.<\/span><\/p>\n<p><span>Le d\u00e9l\u00e9gu\u00e9 \u00e0 la protection des donn\u00e9es (DPD) peut \u00eatre contact\u00e9 \u00e0 l&#8217;adresse suivante <span id=\"cloak5c3bcdc577d1310e8ae002fa556dc62a\"><br \/><a href=\"mailto:privacy@intermeditalia.com\">privacy@intermeditalia.com<\/a><br \/><\/span><\/span><\/p>\n<p>[\/et_pb_text][\/et_pb_column][\/et_pb_row][\/et_pb_section]<\/p>\n","protected":false},"excerpt":{"rendered":"<p>POLITIQUE DE PROTECTION DES DONN\u00c9ES PERSONNELLES DU SITE WEBSuite \u00e0 la compilation et \u00e0 l&#8217;envoi des formulaires pr\u00e9sents sur le site et \u00e0 la n\u00e9cessit\u00e9 de r\u00e9pondre \u00e0 toutes les demandes que vous nous adress\u00e9es par e-mail (mais aussi par t\u00e9l\u00e9phone, fax ou courrier papier), des donn\u00e9es \u00e0 caract\u00e8re personnel sont trait\u00e9es. Ces informations sont [&hellip;]<\/p>\n","protected":false},"author":1,"featured_media":0,"parent":0,"menu_order":0,"comment_status":"closed","ping_status":"closed","template":"","meta":{"_et_pb_use_builder":"on","_et_pb_old_content":"","_et_gb_content_width":"","footnotes":""},"dipi_cpt_category":[],"class_list":["post-1208","page","type-page","status-publish","hentry"],"_links":{"self":[{"href":"https:\/\/intermedwellness.it\/fr\/wp-json\/wp\/v2\/pages\/1208","targetHints":{"allow":["GET"]}}],"collection":[{"href":"https:\/\/intermedwellness.it\/fr\/wp-json\/wp\/v2\/pages"}],"about":[{"href":"https:\/\/intermedwellness.it\/fr\/wp-json\/wp\/v2\/types\/page"}],"author":[{"embeddable":true,"href":"https:\/\/intermedwellness.it\/fr\/wp-json\/wp\/v2\/users\/1"}],"replies":[{"embeddable":true,"href":"https:\/\/intermedwellness.it\/fr\/wp-json\/wp\/v2\/comments?post=1208"}],"version-history":[{"count":64,"href":"https:\/\/intermedwellness.it\/fr\/wp-json\/wp\/v2\/pages\/1208\/revisions"}],"predecessor-version":[{"id":2060,"href":"https:\/\/intermedwellness.it\/fr\/wp-json\/wp\/v2\/pages\/1208\/revisions\/2060"}],"wp:attachment":[{"href":"https:\/\/intermedwellness.it\/fr\/wp-json\/wp\/v2\/media?parent=1208"}],"wp:term":[{"taxonomy":"dipi_cpt_category","embeddable":true,"href":"https:\/\/intermedwellness.it\/fr\/wp-json\/wp\/v2\/dipi_cpt_category?post=1208"}],"curies":[{"name":"wp","href":"https:\/\/api.w.org\/{rel}","templated":true}]}}