{"id":1124,"date":"2023-06-21T11:20:04","date_gmt":"2023-06-21T09:20:04","guid":{"rendered":"https:\/\/intermedwellness.it\/produits\/"},"modified":"2024-06-14T14:36:07","modified_gmt":"2024-06-14T12:36:07","slug":"produits","status":"publish","type":"page","link":"https:\/\/intermedwellness.it\/fr\/produits\/","title":{"rendered":"Produits"},"content":{"rendered":"<p>[et_pb_section fb_built=&#8221;1&#8243; fullwidth=&#8221;on&#8221; _builder_version=&#8221;4.16&#8243; animation_style=&#8221;slide&#8221; animation_direction=&#8221;top&#8221; animation_intensity_slide=&#8221;2%&#8221; animation_starting_opacity=&#8221;100%&#8221; global_colors_info=&#8221;{}&#8221;][et_pb_fullwidth_header title=&#8221;Produits&#8221; content_max_width=&#8221;800px&#8221; _builder_version=&#8221;4.21.0&#8243; title_font=&#8221;Lato|900||on|||||&#8221; title_font_size=&#8221;62px&#8221; title_line_height=&#8221;1.2em&#8221; content_font=&#8221;||||||||&#8221; content_font_size=&#8221;20px&#8221; content_line_height=&#8221;1.8em&#8221; background_color=&#8221;rgba(255, 255, 255, 0)&#8221; use_background_color_gradient=&#8221;on&#8221; background_color_gradient_direction=&#8221;90deg&#8221; background_color_gradient_stops=&#8221;rgba(0,0,0,0.75) 0%|rgba(0,0,0,0) 100%&#8221; background_color_gradient_overlays_image=&#8221;on&#8221; background_color_gradient_start=&#8221;rgba(0,0,0,0.75)&#8221; background_color_gradient_end=&#8221;rgba(0,0,0,0)&#8221; background_image=&#8221;https:\/\/intermedwellness.it\/wp-content\/uploads\/2023\/06\/sost.-pasto-bolognesei_0003-110x745mm.jpg&#8221; custom_button_one=&#8221;on&#8221; button_one_text_size=&#8221;18px&#8221; button_one_bg_color=&#8221;#02d002&#8243; button_one_border_width=&#8221;8px&#8221; button_one_border_color=&#8221;#02d002&#8243; button_one_border_radius=&#8221;0px&#8221; button_one_letter_spacing=&#8221;1px&#8221; button_one_font=&#8221;Lato|700|||||||&#8221; button_one_use_icon=&#8221;off&#8221; custom_button_two=&#8221;on&#8221; button_two_text_size=&#8221;18px&#8221; button_two_text_color=&#8221;#353740&#8243; button_two_bg_color=&#8221;#ffffff&#8221; button_two_border_width=&#8221;8px&#8221; button_two_border_color=&#8221;#ffffff&#8221; button_two_border_radius=&#8221;0px&#8221; button_two_letter_spacing=&#8221;1px&#8221; button_two_font=&#8221;Lato|700|||||||&#8221; button_two_use_icon=&#8221;off&#8221; custom_margin=&#8221;|||&#8221; custom_padding=&#8221;8%||8%|&#8221; hover_enabled=&#8221;0&#8243; title_font_size_tablet=&#8221;62px&#8221; title_font_size_phone=&#8221;32px&#8221; title_font_size_last_edited=&#8221;on|phone&#8221; button_one_letter_spacing_hover=&#8221;1px&#8221; button_two_letter_spacing_hover=&#8221;1px&#8221; locked=&#8221;off&#8221; global_colors_info=&#8221;{%22gcid-ecf1e737-3ce7-4ab0-9e78-46b9b2367c0f%22:%91%22button_one_bg_color%22,%22button_two_bg_color%22,%22button_one_bg_color%22,%22button_two_bg_color%22%93}&#8221; button_one_text_size__hover_enabled=&#8221;off&#8221; button_two_text_size__hover_enabled=&#8221;off&#8221; button_one_text_color__hover_enabled=&#8221;off&#8221; button_two_text_color__hover_enabled=&#8221;off&#8221; button_one_border_width__hover_enabled=&#8221;off&#8221; button_two_border_width__hover_enabled=&#8221;off&#8221; button_one_border_color__hover_enabled=&#8221;off&#8221; button_two_border_color__hover_enabled=&#8221;off&#8221; button_one_border_radius__hover_enabled=&#8221;off&#8221; button_two_border_radius__hover_enabled=&#8221;off&#8221; button_one_letter_spacing__hover_enabled=&#8221;on&#8221; button_one_letter_spacing__hover=&#8221;1px&#8221; button_two_letter_spacing__hover_enabled=&#8221;on&#8221; button_two_letter_spacing__hover=&#8221;1px&#8221; button_one_bg_color__hover_enabled=&#8221;off&#8221; button_two_bg_color__hover_enabled=&#8221;off&#8221; sticky_enabled=&#8221;0&#8243;][\/et_pb_fullwidth_header][\/et_pb_section][et_pb_section fb_built=&#8221;1&#8243; admin_label=&#8221;Our Farmers Section&#8221; _builder_version=&#8221;4.21.0&#8243; background_color=&#8221;#f4f4f4&#8243; custom_padding=&#8221;50px||50px||true|false&#8221; global_colors_info=&#8221;{}&#8221;][et_pb_row _builder_version=&#8221;4.21.0&#8243; _module_preset=&#8221;default&#8221; global_colors_info=&#8221;{}&#8221;][et_pb_column type=&#8221;4_4&#8243; _builder_version=&#8221;4.21.0&#8243; _module_preset=&#8221;default&#8221; global_colors_info=&#8221;{}&#8221;][et_pb_text _builder_version=&#8221;4.21.0&#8243; text_font=&#8221;||||||||&#8221; text_font_size=&#8221;18px&#8221; text_line_height=&#8221;1.6em&#8221; header_font=&#8221;||||||||&#8221; animation_style=&#8221;flip&#8221; animation_direction=&#8221;left&#8221; animation_intensity_flip=&#8221;20%&#8221; animation_starting_opacity=&#8221;100%&#8221; text_font_size_tablet=&#8221;18px&#8221; text_font_size_phone=&#8221;16px&#8221; text_font_size_last_edited=&#8221;on|phone&#8221; locked=&#8221;off&#8221; global_colors_info=&#8221;{}&#8221;]<\/p>\n<p><strong>Inter-Med\u00ae<\/strong> a s\u00e9lectionn\u00e9 les meilleurs produits pour soutenir les diff\u00e9rentes m\u00e9thodologies di\u00e9t\u00e9tiques, en privil\u00e9giant les produits qui r\u00e9pondent aux normes de qualit\u00e9 les plus \u00e9lev\u00e9es en mati\u00e8re de s\u00e9lection des mati\u00e8res premi\u00e8res et de technologies de production, conform\u00e9ment \u00e0 la l\u00e9gislation europ\u00e9enne et italienne. Les unit\u00e9s de production europ\u00e9ennes utilisent les derni\u00e8res innovations techniques et scientifiques, respectent les normes de s\u00e9curit\u00e9 et de qualit\u00e9 les plus \u00e9lev\u00e9es et effectuent des contr\u00f4les scrupuleux sur le produit fini.<strong>L&#8217;absence d&#8217;OGM<\/strong> fait partie des crit\u00e8res essentiels. Les produits se caract\u00e9risent par leur go\u00fbt agr\u00e9able, leur assimilation et leur degr\u00e9 de sati\u00e9t\u00e9.<\/p>\n<p>Il s&#8217;agit de produits alimentaires <strong>riches en prot\u00e9ines<\/strong> dont les caract\u00e9ristiques sont d\u00e9crites sur l&#8217;\u00e9tiquette. Ce qui est dit sur ce site a un but stirctement informatif, ne remplace en aucun cas un avis m\u00e9dical et n&#8217;a pas pour but d&#8217;attribuer au produit des propri\u00e9t\u00e9s pouvant pr\u00e9venir ou gu\u00e9rir des maladies ou de lui attribuer des effets que ce produit, en tant que tel, ne peut avoir. Toute d\u00e9cision prise sur la base des informations contenues dans ce site l&#8217;est en toute autonomie de d\u00e9cision du client\/utilisateur et \u00e0 ses risques et p\u00e9rils.<\/p>\n<p>Inter-Med\u00ae n&#8217;assume aucune responsabilit\u00e9 pour les dommages r\u00e9sultant de l&#8217;utilisation des produits Protivit\u00ae non conforme \u00e0 ces avertissements et \u00e0 l&#8217;\u00e9tiquette.<\/p>\n<p>[\/et_pb_text][\/et_pb_column][\/et_pb_row][et_pb_row column_structure=&#8221;1_3,1_3,1_3&#8243; use_custom_gutter=&#8221;on&#8221; gutter_width=&#8221;2&#8243; admin_label=&#8221;Notre espace&#8221; _builder_version=&#8221;4.21.0&#8243; global_colors_info=&#8221;{}&#8221;][et_pb_column type=&#8221;1_3&#8243; _builder_version=&#8221;4.21.0&#8243; background_enable_color=&#8221;off&#8221; custom_padding=&#8221;||||false|false&#8221; border_radii=&#8221;on|8px|8px|8px|8px&#8221; box_shadow_style=&#8221;preset1&#8243; box_shadow_vertical=&#8221;0px&#8221; box_shadow_blur=&#8221;0px&#8221; box_shadow_color=&#8221;rgba(0,0,0,0.1)&#8221; global_colors_info=&#8221;{%22gcid-ecf1e737-3ce7-4ab0-9e78-46b9b2367c0f%22:%91%22background_color%22%93}&#8221; custom_padding__hover=&#8221;|||&#8221; transform_styles__hover_enabled=&#8221;on|hover&#8221; transform_scale__hover_enabled=&#8221;on|hover&#8221; transform_translate__hover_enabled=&#8221;on|desktop&#8221; transform_rotate__hover_enabled=&#8221;on|desktop&#8221; transform_skew__hover_enabled=&#8221;on|desktop&#8221; transform_origin__hover_enabled=&#8221;on|desktop&#8221; transform_scale__hover=&#8221;102%|102%&#8221; box_shadow_blur__hover_enabled=&#8221;on|hover&#8221; box_shadow_blur__hover=&#8221;26px&#8221; box_shadow_spread__hover_enabled=&#8221;on|hover&#8221; box_shadow_spread__hover=&#8221;10px&#8221;][et_pb_blurb title=&#8221;Produits prot\u00e9iques&#8221; image=&#8221;https:\/\/intermedwellness.it\/wp-content\/uploads\/2023\/06\/barr_croc_ciocc.jpg&#8221; _builder_version=&#8221;4.21.0&#8243; _dynamic_attributes=&#8221;link_option_url&#8221; header_font=&#8221;Lato|700||on|||||&#8221; header_text_align=&#8221;center&#8221; header_text_color=&#8221;#FFFFFF&#8221; header_font_size=&#8221;21px&#8221; header_line_height=&#8221;1.5em&#8221; body_font=&#8221;||||||||&#8221; body_font_size=&#8221;16px&#8221; body_line_height=&#8221;1.8em&#8221; background_color=&#8221;gcid-ecf1e737-3ce7-4ab0-9e78-46b9b2367c0f&#8221; custom_padding=&#8221;||20px||false|false&#8221; animation=&#8221;off&#8221; link_option_url=&#8221;@ET-DC@eyJkeW5hbWljIjp0cnVlLCJjb250ZW50IjoicG9zdF9saW5rX3VybF9wYWdlIiwic2V0dGluZ3MiOnsicG9zdF9pZCI6IjI4OCIsImVuYWJsZV9odG1sIjoib2ZmIn19@&#8221; border_radii=&#8221;off|||8px|8px&#8221; global_colors_info=&#8221;{%22gcid-ecf1e737-3ce7-4ab0-9e78-46b9b2367c0f%22:%91%22background_color%22%93}&#8221;][\/et_pb_blurb][\/et_pb_column][et_pb_column type=&#8221;1_3&#8243; _builder_version=&#8221;4.21.0&#8243; background_enable_color=&#8221;off&#8221; custom_padding=&#8221;||||false|false&#8221; border_radii=&#8221;on|8px|8px|8px|8px&#8221; box_shadow_style=&#8221;preset1&#8243; box_shadow_vertical=&#8221;0px&#8221; box_shadow_blur=&#8221;0px&#8221; box_shadow_color=&#8221;rgba(0,0,0,0.1)&#8221; global_colors_info=&#8221;{%22gcid-ecf1e737-3ce7-4ab0-9e78-46b9b2367c0f%22:%91%22background_color%22%93}&#8221; custom_padding__hover=&#8221;|||&#8221; transform_styles__hover_enabled=&#8221;on|hover&#8221; transform_scale__hover_enabled=&#8221;on|hover&#8221; transform_translate__hover_enabled=&#8221;on|desktop&#8221; transform_rotate__hover_enabled=&#8221;on|desktop&#8221; transform_skew__hover_enabled=&#8221;on|desktop&#8221; transform_origin__hover_enabled=&#8221;on|desktop&#8221; transform_scale__hover=&#8221;102%|102%&#8221; box_shadow_blur__hover_enabled=&#8221;on|hover&#8221; box_shadow_blur__hover=&#8221;26px&#8221; box_shadow_spread__hover_enabled=&#8221;on|hover&#8221; box_shadow_spread__hover=&#8221;10px&#8221;][et_pb_blurb title=&#8221;&quot;Snacking&quot;&#8221; image=&#8221;https:\/\/intermedwellness.it\/wp-content\/uploads\/2023\/06\/wafer-fragola_prodotto.jpg&#8221; _builder_version=&#8221;4.21.0&#8243; _dynamic_attributes=&#8221;link_option_url&#8221; header_font=&#8221;Lato|700||on|||||&#8221; header_text_align=&#8221;center&#8221; header_text_color=&#8221;#FFFFFF&#8221; header_font_size=&#8221;21px&#8221; header_line_height=&#8221;1.5em&#8221; body_font=&#8221;||||||||&#8221; body_font_size=&#8221;16px&#8221; body_line_height=&#8221;1.8em&#8221; background_color=&#8221;gcid-ecf1e737-3ce7-4ab0-9e78-46b9b2367c0f&#8221; custom_padding=&#8221;||20px||false|false&#8221; animation=&#8221;off&#8221; link_option_url=&#8221;@ET-DC@eyJkeW5hbWljIjp0cnVlLCJjb250ZW50IjoicG9zdF9saW5rX3VybF9wYWdlIiwic2V0dGluZ3MiOnsicG9zdF9pZCI6IjU0MSIsImVuYWJsZV9odG1sIjoib2ZmIn19@&#8221; border_radii=&#8221;off|||8px|8px&#8221; global_colors_info=&#8221;{%22gcid-ecf1e737-3ce7-4ab0-9e78-46b9b2367c0f%22:%91%22background_color%22%93}&#8221;][\/et_pb_blurb][\/et_pb_column][et_pb_column type=&#8221;1_3&#8243; _builder_version=&#8221;4.21.0&#8243; background_enable_color=&#8221;off&#8221; custom_padding=&#8221;||||false|false&#8221; border_radii=&#8221;on|8px|8px|8px|8px&#8221; box_shadow_style=&#8221;preset1&#8243; box_shadow_vertical=&#8221;0px&#8221; box_shadow_blur=&#8221;0px&#8221; box_shadow_color=&#8221;rgba(0,0,0,0.1)&#8221; global_colors_info=&#8221;{%22gcid-ecf1e737-3ce7-4ab0-9e78-46b9b2367c0f%22:%91%22background_color%22%93}&#8221; custom_padding__hover=&#8221;|||&#8221; transform_styles__hover_enabled=&#8221;on|hover&#8221; transform_scale__hover_enabled=&#8221;on|hover&#8221; transform_translate__hover_enabled=&#8221;on|desktop&#8221; transform_rotate__hover_enabled=&#8221;on|desktop&#8221; transform_skew__hover_enabled=&#8221;on|desktop&#8221; transform_origin__hover_enabled=&#8221;on|desktop&#8221; transform_scale__hover=&#8221;102%|102%&#8221; box_shadow_blur__hover_enabled=&#8221;on|hover&#8221; box_shadow_blur__hover=&#8221;26px&#8221; box_shadow_spread__hover_enabled=&#8221;on|hover&#8221; box_shadow_spread__hover=&#8221;10px&#8221;][et_pb_blurb title=&#8221;Substituts de repas&#8221; image=&#8221;https:\/\/intermedwellness.it\/wp-content\/uploads\/2023\/06\/vellutata-verdure.jpg&#8221; _builder_version=&#8221;4.21.0&#8243; _dynamic_attributes=&#8221;link_option_url&#8221; header_font=&#8221;Lato|700||on|||||&#8221; header_text_align=&#8221;center&#8221; header_text_color=&#8221;#FFFFFF&#8221; header_font_size=&#8221;21px&#8221; header_line_height=&#8221;1.5em&#8221; body_font=&#8221;||||||||&#8221; body_font_size=&#8221;16px&#8221; body_line_height=&#8221;1.8em&#8221; background_color=&#8221;gcid-ecf1e737-3ce7-4ab0-9e78-46b9b2367c0f&#8221; custom_padding=&#8221;||20px||false|false&#8221; animation=&#8221;off&#8221; link_option_url=&#8221;@ET-DC@eyJkeW5hbWljIjp0cnVlLCJjb250ZW50IjoicG9zdF9saW5rX3VybF9wYWdlIiwic2V0dGluZ3MiOnsicG9zdF9pZCI6IjU0MiIsImVuYWJsZV9odG1sIjoib2ZmIn19@&#8221; border_radii=&#8221;off|||8px|8px&#8221; global_colors_info=&#8221;{%22gcid-ecf1e737-3ce7-4ab0-9e78-46b9b2367c0f%22:%91%22background_color%22%93}&#8221;][\/et_pb_blurb][\/et_pb_column][\/et_pb_row][\/et_pb_section][et_pb_section fb_built=&#8221;1&#8243; _builder_version=&#8221;4.21.0&#8243; _module_preset=&#8221;default&#8221; background_color=&#8221;rgba(255, 255, 255, 0)&#8221; use_background_color_gradient=&#8221;on&#8221; background_color_gradient_direction=&#8221;90deg&#8221; background_color_gradient_stops=&#8221;rgba(0,0,0,0.8) 0%|rgba(0,0,0,0.14) 100%&#8221; background_color_gradient_overlays_image=&#8221;on&#8221; background_color_gradient_start=&#8221;rgba(0,0,0,0.75)&#8221; background_color_gradient_end=&#8221;rgba(0,0,0,0)&#8221; background_image=&#8221;https:\/\/intermedwellness.it\/wp-content\/uploads\/2023\/06\/pre-footer-inter-med.jpg&#8221; background_position=&#8221;top_center&#8221; custom_padding=&#8221;90px||90px||true|&#8221; global_module=&#8221;423&#8243; saved_tabs=&#8221;all&#8221; locked=&#8221;off&#8221; global_colors_info=&#8221;{%22gcid-ecf1e737-3ce7-4ab0-9e78-46b9b2367c0f%22:%91%22button_one_bg_color%22,%22button_two_bg_color%22,%22button_one_bg_color%22,%22button_two_bg_color%22%93}&#8221;][et_pb_row _builder_version=&#8221;4.21.0&#8243; _module_preset=&#8221;default&#8221; global_colors_info=&#8221;{}&#8221;][et_pb_column type=&#8221;4_4&#8243; _builder_version=&#8221;4.21.0&#8243; _module_preset=&#8221;default&#8221; global_colors_info=&#8221;{}&#8221;][et_pb_text _builder_version=&#8221;4.21.0&#8243; _module_preset=&#8221;default&#8221; text_text_color=&#8221;#FFFFFF&#8221; text_font_size=&#8221;25px&#8221; text_line_height=&#8221;1.2em&#8221; header_font=&#8221;Lato|700|||||||&#8221; header_font_size=&#8221;48px&#8221; header_line_height=&#8221;1.2em&#8221; header_2_font=&#8221;Lato|700|||||||&#8221; header_2_text_color=&#8221;#FFFFFF&#8221; header_2_font_size=&#8221;46px&#8221; header_2_line_height=&#8221;1.2em&#8221; header_3_font=&#8221;Lato|700|||||||&#8221; header_3_font_size=&#8221;48px&#8221; header_3_line_height=&#8221;1.2em&#8221; header_4_font=&#8221;Lato|700|||||||&#8221; header_4_font_size=&#8221;48px&#8221; header_4_line_height=&#8221;1.2em&#8221; header_5_font=&#8221;Lato|700|||||||&#8221; header_5_font_size=&#8221;48px&#8221; header_5_line_height=&#8221;1.2em&#8221; header_6_font=&#8221;Lato|700|||||||&#8221; header_6_font_size=&#8221;48px&#8221; header_6_line_height=&#8221;1.2em&#8221; custom_margin=&#8221;||15px|||&#8221; text_font_size_tablet=&#8221;&#8221; text_font_size_phone=&#8221;21px&#8221; text_font_size_last_edited=&#8221;on|phone&#8221; header_2_font_size_tablet=&#8221;&#8221; header_2_font_size_phone=&#8221;28px&#8221; header_2_font_size_last_edited=&#8221;on|phone&#8221; global_colors_info=&#8221;{%22gcid-ecf1e737-3ce7-4ab0-9e78-46b9b2367c0f%22:%91%22button_one_bg_color%22,%22button_two_bg_color%22,%22button_one_bg_color%22,%22button_two_bg_color%22%93}&#8221;]<\/p>\n<h2>Deux fa\u00e7ons principales de soutenir les diff\u00e9rentes m\u00e9thodologies de nutrition<\/h2>\n<p>Restez inform\u00e9s et suivez-nous sur les r\u00e9seaux sociaux<\/p>\n<p>[\/et_pb_text][et_pb_social_media_follow use_icon_font_size=&#8221;on&#8221; icon_font_size=&#8221;18px&#8221; _builder_version=&#8221;4.21.0&#8243; _module_preset=&#8221;default&#8221; custom_margin=&#8221;|||-15px|false|false&#8221; locked=&#8221;off&#8221; global_colors_info=&#8221;{}&#8221;][et_pb_social_media_follow_network social_network=&#8221;facebook&#8221; url=&#8221;https:\/\/www.facebook.com\/intermed.nutrizionebenessere&#8221; use_icon_font_size=&#8221;on&#8221; icon_font_size=&#8221;28px&#8221; _builder_version=&#8221;4.21.0&#8243; _module_preset=&#8221;default&#8221; background_enable_color=&#8221;off&#8221; global_colors_info=&#8221;{}&#8221; follow_button=&#8221;off&#8221; url_new_window=&#8221;on&#8221;]facebook[\/et_pb_social_media_follow_network][et_pb_social_media_follow_network social_network=&#8221;instagram&#8221; url=&#8221;https:\/\/www.instagram.com\/intermed_italia\/&#8221; use_icon_font_size=&#8221;on&#8221; icon_font_size=&#8221;28px&#8221; _builder_version=&#8221;4.21.0&#8243; _module_preset=&#8221;default&#8221; background_color=&#8221;#ea2c59&#8243; background_enable_color=&#8221;off&#8221; global_colors_info=&#8221;{}&#8221; follow_button=&#8221;off&#8221; url_new_window=&#8221;on&#8221;]instagram[\/et_pb_social_media_follow_network][\/et_pb_social_media_follow][\/et_pb_column][\/et_pb_row][\/et_pb_section]<\/p>\n","protected":false},"excerpt":{"rendered":"<p>Inter-Med\u00ae a s\u00e9lectionn\u00e9 les meilleurs produits pour soutenir les diff\u00e9rentes m\u00e9thodologies di\u00e9t\u00e9tiques, en privil\u00e9giant les produits qui r\u00e9pondent aux normes de qualit\u00e9 les plus \u00e9lev\u00e9es en mati\u00e8re de s\u00e9lection des mati\u00e8res premi\u00e8res et de technologies de production, conform\u00e9ment \u00e0 la l\u00e9gislation europ\u00e9enne et italienne. Les unit\u00e9s de production europ\u00e9ennes utilisent les derni\u00e8res innovations techniques et [&hellip;]<\/p>\n","protected":false},"author":1,"featured_media":0,"parent":0,"menu_order":0,"comment_status":"closed","ping_status":"closed","template":"","meta":{"_et_pb_use_builder":"on","_et_pb_old_content":"","_et_gb_content_width":"","footnotes":""},"dipi_cpt_category":[],"class_list":["post-1124","page","type-page","status-publish","hentry"],"_links":{"self":[{"href":"https:\/\/intermedwellness.it\/fr\/wp-json\/wp\/v2\/pages\/1124","targetHints":{"allow":["GET"]}}],"collection":[{"href":"https:\/\/intermedwellness.it\/fr\/wp-json\/wp\/v2\/pages"}],"about":[{"href":"https:\/\/intermedwellness.it\/fr\/wp-json\/wp\/v2\/types\/page"}],"author":[{"embeddable":true,"href":"https:\/\/intermedwellness.it\/fr\/wp-json\/wp\/v2\/users\/1"}],"replies":[{"embeddable":true,"href":"https:\/\/intermedwellness.it\/fr\/wp-json\/wp\/v2\/comments?post=1124"}],"version-history":[{"count":21,"href":"https:\/\/intermedwellness.it\/fr\/wp-json\/wp\/v2\/pages\/1124\/revisions"}],"predecessor-version":[{"id":2451,"href":"https:\/\/intermedwellness.it\/fr\/wp-json\/wp\/v2\/pages\/1124\/revisions\/2451"}],"wp:attachment":[{"href":"https:\/\/intermedwellness.it\/fr\/wp-json\/wp\/v2\/media?parent=1124"}],"wp:term":[{"taxonomy":"dipi_cpt_category","embeddable":true,"href":"https:\/\/intermedwellness.it\/fr\/wp-json\/wp\/v2\/dipi_cpt_category?post=1124"}],"curies":[{"name":"wp","href":"https:\/\/api.w.org\/{rel}","templated":true}]}}