{"id":1120,"date":"2023-06-21T10:18:53","date_gmt":"2023-06-21T08:18:53","guid":{"rendered":"https:\/\/intermedwellness.it\/intermed-wellness-pourquoi\/"},"modified":"2024-03-14T15:56:15","modified_gmt":"2024-03-14T14:56:15","slug":"intermed-wellness-pourquoi","status":"publish","type":"page","link":"https:\/\/intermedwellness.it\/fr\/intermed-wellness-pourquoi\/","title":{"rendered":"INTER-MED WELLNESS\u00ae Pourquoi ?"},"content":{"rendered":"<p>[et_pb_section fb_built=&#8221;1&#8243; fullwidth=&#8221;on&#8221; _builder_version=&#8221;4.21.0&#8243; animation_style=&#8221;slide&#8221; animation_direction=&#8221;top&#8221; animation_intensity_slide=&#8221;2%&#8221; animation_starting_opacity=&#8221;100%&#8221; locked=&#8221;off&#8221; global_colors_info=&#8221;{}&#8221;][et_pb_fullwidth_header button_one_url=&#8221;https:\/\/intermedwellness.it\/fr\/perdita-di-peso-2\/#dieta-protivit&#8221; button_two_url=&#8221;https:\/\/intermedwellness.it\/fr\/perdita-di-peso-2\/#metodo-rma&#8221; content_max_width=&#8221;800px&#8221; _builder_version=&#8221;4.23.1&#8243; title_font=&#8221;Lato|900||on|||||&#8221; title_font_size=&#8221;62px&#8221; title_line_height=&#8221;1.2em&#8221; content_font=&#8221;|800|||||||&#8221; content_font_size=&#8221;58px&#8221; content_line_height=&#8221;1.2em&#8221; background_color=&#8221;rgba(255, 255, 255, 0)&#8221; use_background_color_gradient=&#8221;on&#8221; background_color_gradient_direction=&#8221;90deg&#8221; background_color_gradient_stops=&#8221;rgba(0,0,0,0.75) 0%|rgba(0,0,0,0) 100%&#8221; background_color_gradient_overlays_image=&#8221;on&#8221; background_color_gradient_start=&#8221;rgba(0,0,0,0.75)&#8221; background_color_gradient_end=&#8221;rgba(0,0,0,0)&#8221; background_image=&#8221;https:\/\/intermedwellness.it\/wp-content\/uploads\/2023\/11\/frutta.jpeg&#8221; custom_button_one=&#8221;on&#8221; button_one_text_size=&#8221;15px&#8221; button_one_bg_color=&#8221;gcid-ecf1e737-3ce7-4ab0-9e78-46b9b2367c0f&#8221; button_one_border_width=&#8221;10px&#8221; button_one_border_color=&#8221;#b10135&#8243; button_one_border_radius=&#8221;0px&#8221; button_one_letter_spacing=&#8221;1px&#8221; button_one_font=&#8221;Lato|700||on|||||&#8221; custom_button_two=&#8221;on&#8221; button_two_text_size=&#8221;15px&#8221; button_two_text_color=&#8221;#FFFFFF&#8221; button_two_bg_color=&#8221;gcid-ecf1e737-3ce7-4ab0-9e78-46b9b2367c0f&#8221; button_two_border_width=&#8221;10px&#8221; button_two_border_color=&#8221;#b10135&#8243; button_two_border_radius=&#8221;0px&#8221; button_two_letter_spacing=&#8221;1px&#8221; button_two_font=&#8221;Lato|700||on|||||&#8221; custom_margin=&#8221;|||&#8221; custom_padding=&#8221;15%||15%||true|false&#8221; hover_enabled=&#8221;0&#8243; title_font_size_tablet=&#8221;62px&#8221; title_font_size_phone=&#8221;32px&#8221; title_font_size_last_edited=&#8221;on|phone&#8221; content_font_size_tablet=&#8221;37px&#8221; content_font_size_phone=&#8221;32px&#8221; content_font_size_last_edited=&#8221;on|phone&#8221; button_one_text_size_tablet=&#8221;15px&#8221; button_one_text_size_phone=&#8221;13px&#8221; button_one_text_size_last_edited=&#8221;on|phone&#8221; button_two_text_size_tablet=&#8221;15px&#8221; button_two_text_size_phone=&#8221;13px&#8221; button_two_text_size_last_edited=&#8221;on|phone&#8221; button_one_letter_spacing_hover=&#8221;1px&#8221; button_two_letter_spacing_hover=&#8221;1px&#8221; locked=&#8221;off&#8221; global_colors_info=&#8221;{%22gcid-ecf1e737-3ce7-4ab0-9e78-46b9b2367c0f%22:%91%22button_one_bg_color%22,%22button_two_bg_color%22%93}&#8221; button_one_text_size__hover_enabled=&#8221;off&#8221; button_two_text_size__hover_enabled=&#8221;off&#8221; button_one_text_color__hover_enabled=&#8221;off&#8221; button_two_text_color__hover_enabled=&#8221;off&#8221; button_one_border_width__hover_enabled=&#8221;off&#8221; button_two_border_width__hover_enabled=&#8221;off&#8221; button_one_border_color__hover_enabled=&#8221;off&#8221; button_two_border_color__hover_enabled=&#8221;off&#8221; button_one_border_radius__hover_enabled=&#8221;off&#8221; button_two_border_radius__hover_enabled=&#8221;off&#8221; button_one_letter_spacing__hover_enabled=&#8221;on&#8221; button_one_letter_spacing__hover=&#8221;1px&#8221; button_two_letter_spacing__hover_enabled=&#8221;on&#8221; button_two_letter_spacing__hover=&#8221;1px&#8221; button_one_bg_color__hover_enabled=&#8221;off&#8221; button_two_bg_color__hover_enabled=&#8221;off&#8221; sticky_enabled=&#8221;0&#8243;]<\/p>\n<p>INTER-MED WELLNESS\u00ae.<br \/>Pourquoi ?<\/p>\n<p>[\/et_pb_fullwidth_header][\/et_pb_section][et_pb_section fb_built=&#8221;1&#8243; admin_label=&#8221;Our Story Section&#8221; _builder_version=&#8221;4.16&#8243; custom_padding=&#8221;60px||60px||true|&#8221; global_colors_info=&#8221;{}&#8221;][et_pb_row column_structure=&#8221;1_2,1_2&#8243; use_custom_gutter=&#8221;on&#8221; gutter_width=&#8221;2&#8243; admin_label=&#8221;Notre zone d&#039;histoire&#8221; _builder_version=&#8221;4.23.1&#8243; global_colors_info=&#8221;{}&#8221;][et_pb_column type=&#8221;1_2&#8243; _builder_version=&#8221;4.16&#8243; custom_padding=&#8221;|||&#8221; global_colors_info=&#8221;{}&#8221; custom_padding__hover=&#8221;|||&#8221;][et_pb_image src=&#8221;https:\/\/intermedwellness.it\/wp-content\/uploads\/2023\/11\/gatto.jpg&#8221; title_text=&#8221;chat&#8221; align_tablet=&#8221;center&#8221; align_phone=&#8221;center&#8221; align_last_edited=&#8221;on|desktop&#8221; _builder_version=&#8221;4.23.1&#8243; global_colors_info=&#8221;{}&#8221;][\/et_pb_image][\/et_pb_column][et_pb_column type=&#8221;1_2&#8243; _builder_version=&#8221;4.16&#8243; custom_padding=&#8221;|||&#8221; global_colors_info=&#8221;{}&#8221; custom_padding__hover=&#8221;|||&#8221;][et_pb_text _builder_version=&#8221;4.23.1&#8243; text_font=&#8221;||||||||&#8221; text_font_size=&#8221;16px&#8221; text_line_height=&#8221;1.6em&#8221; header_font=&#8221;||||||||&#8221; animation_style=&#8221;flip&#8221; animation_direction=&#8221;left&#8221; animation_intensity_flip=&#8221;20%&#8221; animation_starting_opacity=&#8221;100%&#8221; text_font_size_tablet=&#8221;18px&#8221; text_font_size_phone=&#8221;16px&#8221; text_font_size_last_edited=&#8221;on|phone&#8221; locked=&#8221;off&#8221; global_colors_info=&#8221;{}&#8221;]<\/p>\n<p>Apr\u00e8s plus de 20 ans d&#8217;exp\u00e9rience dans le d\u00e9veloppement et la diffusion de programmes di\u00e9t\u00e9tiques et alimentaires personnalis\u00e9s, Inter-Med\u00ae a le plaisir de proposer un site sp\u00e9cifique sur le bien-\u00eatre dans son ensemble.<br \/>Aujourd&#8217;hui plus que jamais, l&#8217;alimentation n&#8217;est plus seulement une question de plaisir ou de restriction, mais un mode de vie &#8220;sain&#8221;.<br \/>Aujourd&#8217;hui, retrouver, atteindre ou maintenir un poids de forme ne signifie pas seulement atteindre un objectif quantitatif (poids corporel, indice de masse corporelle) mais acqu\u00e9rir la perception de son propre bien-\u00eatre, fondamental pour la r\u00e9alisation de ses objectifs personnels et professionnels dans son environnement social et culturel.<\/p>\n<p><strong>Chaque individu est unique.<\/strong><br \/><strong> Chaque individu vit des exp\u00e9riences diff\u00e9rentes et ne les vit pas toujours de la m\u00eame fa\u00e7on.<\/strong><\/p>\n<p>Par cons\u00e9quent, disposer de quelques outils suppl\u00e9mentaires pour mieux comprendre le fonctionnement de notre corps et de notre esprit devient une mani\u00e8re plus consciente de g\u00e9rer son propre bien-\u00eatre et sa propre sant\u00e9.<\/p>\n<p>[\/et_pb_text][\/et_pb_column][\/et_pb_row][et_pb_row column_structure=&#8221;1_2,1_4,1_4&#8243; use_custom_gutter=&#8221;on&#8221; gutter_width=&#8221;2&#8243; disabled_on=&#8221;on|on|off&#8221; admin_label=&#8221;Notre zone d&#039;histoire&#8221; _builder_version=&#8221;4.23.1&#8243; global_colors_info=&#8221;{}&#8221;][et_pb_column type=&#8221;1_2&#8243; _builder_version=&#8221;4.16&#8243; custom_padding=&#8221;|||&#8221; global_colors_info=&#8221;{}&#8221; custom_padding__hover=&#8221;|||&#8221;][et_pb_text _builder_version=&#8221;4.24.2&#8243; text_font=&#8221;||||||||&#8221; text_font_size=&#8221;16px&#8221; text_line_height=&#8221;1.6em&#8221; header_font=&#8221;||||||||&#8221; animation_style=&#8221;flip&#8221; animation_direction=&#8221;left&#8221; animation_intensity_flip=&#8221;20%&#8221; animation_starting_opacity=&#8221;100%&#8221; hover_enabled=&#8221;0&#8243; text_font_size_tablet=&#8221;18px&#8221; text_font_size_phone=&#8221;16px&#8221; text_font_size_last_edited=&#8221;on|phone&#8221; locked=&#8221;off&#8221; global_colors_info=&#8221;{}&#8221; sticky_enabled=&#8221;0&#8243;]<\/p>\n<p>Pour ce nouveau service, <strong>Inter-Med\u00ae<\/strong> s&#8217;appuie sur la collaboration de V\u00e9ronique Barr\u00e9, kin\u00e9sith\u00e9rapeute, psychologue sociale, <span>ma\u00eetre praticien en PNL<\/span>, experte en coaching et coaching sant\u00e9.<\/p>\n<p><strong>Le projet INTER-MED WELLNESS\u00ae est structur\u00e9 comme suit :<\/strong><\/p>\n<p>&#8211; Partage de contenu sur le bien-\u00eatre, la pr\u00e9vention et la promotion de la sant\u00e9 ;<span class=\"Apple-converted-space\"> <\/span><\/p>\n<p>&#8211; Organisation de webinaires d&#8217;informations ;<\/p>\n<p>&#8211; Organisation de tables rondes et d&#8217;\u00e9v\u00e9nements.<\/p>\n<p><strong>Toujours dans le but de diffuser les concepts fondamentaux du bien-\u00eatre individuel et collectif.<\/strong><\/p>\n<p>[\/et_pb_text][\/et_pb_column][et_pb_column type=&#8221;1_4&#8243; _builder_version=&#8221;4.16&#8243; custom_padding=&#8221;|||&#8221; global_colors_info=&#8221;{}&#8221; custom_padding__hover=&#8221;|||&#8221;][et_pb_image src=&#8221;https:\/\/intermedwellness.it\/wp-content\/uploads\/2023\/11\/persone-sala-squared.jpeg&#8221; title_text=&#8221;personnes au carr\u00e9&#8221; align_tablet=&#8221;center&#8221; align_phone=&#8221;center&#8221; align_last_edited=&#8221;on|desktop&#8221; _builder_version=&#8221;4.23.1&#8243; global_colors_info=&#8221;{}&#8221;][\/et_pb_image][\/et_pb_column][et_pb_column type=&#8221;1_4&#8243; _builder_version=&#8221;4.16&#8243; custom_padding=&#8221;|||&#8221; global_colors_info=&#8221;{}&#8221; custom_padding__hover=&#8221;|||&#8221;][et_pb_image src=&#8221;https:\/\/intermedwellness.it\/wp-content\/uploads\/2023\/11\/IMG_8251.jpg&#8221; title_text=&#8221;IMG_8251&#8243; align_tablet=&#8221;center&#8221; align_phone=&#8221;center&#8221; align_last_edited=&#8221;on|desktop&#8221; _builder_version=&#8221;4.23.1&#8243; global_colors_info=&#8221;{}&#8221;][\/et_pb_image][\/et_pb_column][\/et_pb_row][et_pb_row column_structure=&#8221;1_4,1_4,1_2&#8243; use_custom_gutter=&#8221;on&#8221; gutter_width=&#8221;2&#8243; disabled_on=&#8221;off|off|on&#8221; admin_label=&#8221;Notre zone d&#039;histoire&#8221; _builder_version=&#8221;4.23.1&#8243; global_colors_info=&#8221;{}&#8221;][et_pb_column type=&#8221;1_4&#8243; _builder_version=&#8221;4.16&#8243; custom_padding=&#8221;|||&#8221; global_colors_info=&#8221;{}&#8221; custom_padding__hover=&#8221;|||&#8221;][et_pb_image src=&#8221;https:\/\/intermedwellness.it\/wp-content\/uploads\/2023\/11\/persone-sala-squared.jpeg&#8221; title_text=&#8221;personnes au carr\u00e9&#8221; align_tablet=&#8221;center&#8221; align_phone=&#8221;center&#8221; align_last_edited=&#8221;on|desktop&#8221; _builder_version=&#8221;4.23.1&#8243; global_colors_info=&#8221;{}&#8221;][\/et_pb_image][\/et_pb_column][et_pb_column type=&#8221;1_4&#8243; _builder_version=&#8221;4.16&#8243; custom_padding=&#8221;|||&#8221; global_colors_info=&#8221;{}&#8221; custom_padding__hover=&#8221;|||&#8221;][et_pb_image src=&#8221;https:\/\/intermedwellness.it\/wp-content\/uploads\/2023\/11\/IMG_8251.jpg&#8221; title_text=&#8221;IMG_8251&#8243; align_tablet=&#8221;center&#8221; align_phone=&#8221;center&#8221; align_last_edited=&#8221;on|desktop&#8221; _builder_version=&#8221;4.23.1&#8243; global_colors_info=&#8221;{}&#8221;][\/et_pb_image][\/et_pb_column][et_pb_column type=&#8221;1_2&#8243; _builder_version=&#8221;4.16&#8243; custom_padding=&#8221;|||&#8221; global_colors_info=&#8221;{}&#8221; custom_padding__hover=&#8221;|||&#8221;][et_pb_text _builder_version=&#8221;4.23.1&#8243; text_font=&#8221;||||||||&#8221; text_font_size=&#8221;16px&#8221; text_line_height=&#8221;1.6em&#8221; header_font=&#8221;||||||||&#8221; animation_style=&#8221;flip&#8221; animation_direction=&#8221;left&#8221; animation_intensity_flip=&#8221;20%&#8221; animation_starting_opacity=&#8221;100%&#8221; text_font_size_tablet=&#8221;18px&#8221; text_font_size_phone=&#8221;16px&#8221; text_font_size_last_edited=&#8221;on|phone&#8221; locked=&#8221;off&#8221; global_colors_info=&#8221;{}&#8221;]<\/p>\n<p>Pour ce nouveau service, <strong><sup>Inter-Med\u00ae<\/sup><\/strong> s&#8217;appuie sur la collaboration de V\u00e9ronique Barr\u00e9, kin\u00e9sith\u00e9rapeute, psychologue sociale, <span>ma\u00eetre praticien en PNL<\/span>, experte en coaching et coaching sant\u00e9.<\/p>\n<p><strong>Le programme INTER-<\/strong><strong>MED WELLNESS\u00ae est structur\u00e9 comme suit :<\/strong><\/p>\n<p>&#8211; Partage de contenu sur le bien-\u00eatre, la pr\u00e9vention et la promotion de la sant\u00e9 ;<span class=\"Apple-converted-space\"> <\/span><\/p>\n<p>&#8211; Organisation de webinaires d&#8217;informations ;<\/p>\n<p>&#8211; Organisation de tables rondes et d&#8217;\u00e9v\u00e9nements.<\/p>\n<p><strong>Toujours dans le but de diffuser les concepts fondamentaux du bien-\u00eatre individuel et collectif.<\/strong><\/p>\n<p>[\/et_pb_text][\/et_pb_column][\/et_pb_row][\/et_pb_section][et_pb_section fb_built=&#8221;1&#8243; admin_label=&#8221;Our Mission Section&#8221; _builder_version=&#8221;4.16&#8243; background_color=&#8221;#f7f7f7&#8243; custom_padding=&#8221;80px||80px||true|&#8221; global_colors_info=&#8221;{}&#8221;][et_pb_row column_structure=&#8221;1_3,2_3&#8243; admin_label=&#8221;Notre domaine de mission&#8221; _builder_version=&#8221;4.16&#8243; global_colors_info=&#8221;{}&#8221;][et_pb_column type=&#8221;1_3&#8243; _builder_version=&#8221;4.16&#8243; custom_padding=&#8221;|||&#8221; global_colors_info=&#8221;{}&#8221; custom_padding__hover=&#8221;|||&#8221;][et_pb_text admin_label=&#8221;Title&#8221; _builder_version=&#8221;4.23.1&#8243; text_font=&#8221;||||||||&#8221; header_font=&#8221;||||||||&#8221; header_2_font=&#8221;Lato||||||||&#8221; header_2_text_color=&#8221;gcid-ecf1e737-3ce7-4ab0-9e78-46b9b2367c0f&#8221; header_2_font_size=&#8221;36px&#8221; header_2_line_height=&#8221;1.5em&#8221; module_alignment=&#8221;center&#8221; custom_margin=&#8221;||-1px|||&#8221; custom_padding=&#8221;|||&#8221; animation_direction=&#8221;left&#8221; global_colors_info=&#8221;{%22gcid-ecf1e737-3ce7-4ab0-9e78-46b9b2367c0f%22:%91%22header_2_text_color%22%93}&#8221;]<\/p>\n<h2>POUR LES DEMANDES :<\/h2>\n<p>[\/et_pb_text][\/et_pb_column][et_pb_column type=&#8221;2_3&#8243; _builder_version=&#8221;4.16&#8243; custom_padding=&#8221;|||&#8221; global_colors_info=&#8221;{}&#8221; custom_padding__hover=&#8221;|||&#8221;][et_pb_text _builder_version=&#8221;4.23.1&#8243; text_font=&#8221;||||||||&#8221; text_font_size=&#8221;18px&#8221; text_line_height=&#8221;1.6em&#8221; header_font=&#8221;||||||||&#8221; custom_padding=&#8221;||||false|false&#8221; animation_style=&#8221;flip&#8221; animation_direction=&#8221;left&#8221; animation_intensity_flip=&#8221;20%&#8221; animation_starting_opacity=&#8221;100%&#8221; text_font_size_tablet=&#8221;18px&#8221; text_font_size_phone=&#8221;16px&#8221; text_font_size_last_edited=&#8221;on|phone&#8221; locked=&#8221;off&#8221; global_colors_info=&#8221;{}&#8221;]<\/p>\n<ul>\n<li>Si vous avez des demandes sp\u00e9cifiques concernant le bien-\u00eatre, ou si vous souhaitez participer \u00e0 ce projet en tant que professionnel, veuillez laisser un message dans la zone &#8220;contact&#8221;.<\/li>\n<\/ul>\n<ul>\n<li>Pour toute question relative au monde du travail, vous pouvez consulter le site <a href=\"http:\/\/www.performable.fr\" target=\"_blank\" rel=\"noopener\">www.performable.fr<\/a> (en fran\u00e7ais) ou laisser un message dans la zone &#8220;contact&#8221;.<\/li>\n<\/ul>\n<ul>\n<li>Si vous avez des questions personnelles, vous pouvez \u00e9crire un mail \u00e0 V\u00e9ronique Barr\u00e9 \u00e0 l&#8217;adresse suivante : <a href=\"mailto:veronique.barre@intermedwellness.it\">veronique.barre@intermedwellness.it<\/a><\/li>\n<\/ul>\n<p>[\/et_pb_text][\/et_pb_column][\/et_pb_row][\/et_pb_section]<\/p>\n","protected":false},"excerpt":{"rendered":"<p>INTER-MED WELLNESS\u00ae.Pourquoi ?Apr\u00e8s plus de 20 ans d&#8217;exp\u00e9rience dans le d\u00e9veloppement et la diffusion de programmes di\u00e9t\u00e9tiques et alimentaires personnalis\u00e9s, Inter-Med\u00ae a le plaisir de proposer un site sp\u00e9cifique sur le bien-\u00eatre dans son ensemble.Aujourd&#8217;hui plus que jamais, l&#8217;alimentation n&#8217;est plus seulement une question de plaisir ou de restriction, mais un mode de vie &#8220;sain&#8221;.Aujourd&#8217;hui, [&hellip;]<\/p>\n","protected":false},"author":1,"featured_media":0,"parent":0,"menu_order":0,"comment_status":"closed","ping_status":"closed","template":"","meta":{"_et_pb_use_builder":"on","_et_pb_old_content":"","_et_gb_content_width":"","footnotes":""},"dipi_cpt_category":[],"class_list":["post-1120","page","type-page","status-publish","hentry"],"_links":{"self":[{"href":"https:\/\/intermedwellness.it\/fr\/wp-json\/wp\/v2\/pages\/1120","targetHints":{"allow":["GET"]}}],"collection":[{"href":"https:\/\/intermedwellness.it\/fr\/wp-json\/wp\/v2\/pages"}],"about":[{"href":"https:\/\/intermedwellness.it\/fr\/wp-json\/wp\/v2\/types\/page"}],"author":[{"embeddable":true,"href":"https:\/\/intermedwellness.it\/fr\/wp-json\/wp\/v2\/users\/1"}],"replies":[{"embeddable":true,"href":"https:\/\/intermedwellness.it\/fr\/wp-json\/wp\/v2\/comments?post=1120"}],"version-history":[{"count":30,"href":"https:\/\/intermedwellness.it\/fr\/wp-json\/wp\/v2\/pages\/1120\/revisions"}],"predecessor-version":[{"id":2070,"href":"https:\/\/intermedwellness.it\/fr\/wp-json\/wp\/v2\/pages\/1120\/revisions\/2070"}],"wp:attachment":[{"href":"https:\/\/intermedwellness.it\/fr\/wp-json\/wp\/v2\/media?parent=1120"}],"wp:term":[{"taxonomy":"dipi_cpt_category","embeddable":true,"href":"https:\/\/intermedwellness.it\/fr\/wp-json\/wp\/v2\/dipi_cpt_category?post=1120"}],"curies":[{"name":"wp","href":"https:\/\/api.w.org\/{rel}","templated":true}]}}